{"id":1285,"date":"2024-03-08T17:34:40","date_gmt":"2024-03-08T16:34:40","guid":{"rendered":"https:\/\/jeanrecubrimientos.com\/home\/"},"modified":"2025-04-29T11:00:24","modified_gmt":"2025-04-29T09:00:24","slug":"accueil","status":"publish","type":"page","link":"https:\/\/jeanrecubrimientos.com\/fr\/","title":{"rendered":"Accueil"},"content":{"rendered":"\t\t<div data-elementor-type=\"wp-page\" data-elementor-id=\"1285\" class=\"elementor elementor-1285 elementor-45\" data-elementor-post-type=\"page\">\n\t\t\t\t<div class=\"elementor-element elementor-element-7019e30c e-flex e-con-boxed e-con e-parent\" data-id=\"7019e30c\" data-element_type=\"container\" data-settings=\"{&quot;background_background&quot;:&quot;gradient&quot;}\">\n\t\t\t\t\t<div class=\"e-con-inner\">\n\t\t<div class=\"elementor-element elementor-element-fedc5af e-con-full e-flex e-con e-child\" data-id=\"fedc5af\" data-element_type=\"container\">\n\t\t\t\t<div class=\"elementor-element elementor-element-2e67ad5d elementor-widget elementor-widget-heading\" data-id=\"2e67ad5d\" data-element_type=\"widget\" data-widget_type=\"heading.default\">\n\t\t\t\t<div class=\"elementor-widget-container\">\n\t\t\t<h1 class=\"elementor-heading-title elementor-size-default\">Chez Jean Recubrimientos, nous offrons les services les plus avanc\u00e9s en mati\u00e8re de rev\u00eatements.<\/h1>\t\t<\/div>\n\t\t\t\t<\/div>\n\t\t\t\t<\/div>\n\t\t\t\t\t<\/div>\n\t\t\t\t<\/div>\n\t\t<div class=\"elementor-element elementor-element-4fdaba14 e-flex e-con-boxed e-con e-parent\" data-id=\"4fdaba14\" data-element_type=\"container\" data-settings=\"{&quot;background_background&quot;:&quot;classic&quot;}\">\n\t\t\t\t\t<div class=\"e-con-inner\">\n\t\t<div class=\"elementor-element elementor-element-2cb10d04 e-con-full e-flex e-con e-child\" data-id=\"2cb10d04\" data-element_type=\"container\" data-settings=\"{&quot;motion_fx_motion_fx_scrolling&quot;:&quot;yes&quot;,&quot;motion_fx_translateY_effect&quot;:&quot;yes&quot;,&quot;motion_fx_translateY_speed&quot;:{&quot;unit&quot;:&quot;px&quot;,&quot;size&quot;:1,&quot;sizes&quot;:[]},&quot;motion_fx_translateY_affectedRange&quot;:{&quot;unit&quot;:&quot;%&quot;,&quot;size&quot;:&quot;&quot;,&quot;sizes&quot;:{&quot;start&quot;:0,&quot;end&quot;:50}},&quot;motion_fx_opacity_effect&quot;:&quot;yes&quot;,&quot;motion_fx_opacity_range&quot;:{&quot;unit&quot;:&quot;%&quot;,&quot;size&quot;:&quot;&quot;,&quot;sizes&quot;:{&quot;start&quot;:0,&quot;end&quot;:50}},&quot;motion_fx_opacity_direction&quot;:&quot;out-in&quot;,&quot;motion_fx_opacity_level&quot;:{&quot;unit&quot;:&quot;px&quot;,&quot;size&quot;:10,&quot;sizes&quot;:[]},&quot;motion_fx_devices&quot;:[&quot;desktop&quot;,&quot;tablet&quot;,&quot;mobile&quot;]}\">\n\t\t<div class=\"elementor-element elementor-element-43446784 e-con-full e-flex e-con e-child\" data-id=\"43446784\" data-element_type=\"container\" data-settings=\"{&quot;background_background&quot;:&quot;classic&quot;}\">\n\t\t\t\t<div class=\"elementor-element elementor-element-e14d004 elementor-widget elementor-widget-heading\" data-id=\"e14d004\" data-element_type=\"widget\" data-widget_type=\"heading.default\">\n\t\t\t\t<div class=\"elementor-widget-container\">\n\t\t\t<h3 class=\"elementor-heading-title elementor-size-default\">Rev\u00eatements Geomet<\/h3>\t\t<\/div>\n\t\t\t\t<\/div>\n\t\t\t\t<div class=\"elementor-element elementor-element-bf18a80 elementor-widget elementor-widget-text-editor\" data-id=\"bf18a80\" data-element_type=\"widget\" data-widget_type=\"text-editor.default\">\n\t\t\t\t<div class=\"elementor-widget-container\">\n\t\t\t\t\t\t\t<p><span style=\"font-size: 17.6px;\">Rev\u00eatement lamellaire de zinc et aluminium, sur une base aqueuse et agglom\u00e9rante, organique et min\u00e9rale, qui offre une r\u00e9sistance \u00e0 la corrosion \u00e9lev\u00e9e pour des \u00e9paisseurs faibles, gr\u00e2ce \u00e0 la g\u00e9om\u00e9trie lamellaire. L&rsquo;application de diff\u00e9rentes <i>topcoats<\/i> permet d&rsquo;ajuster les coefficients de friction. <\/span><\/p>\n<p><span style=\"font-size: 17.6px;\">Rev\u00eatement qui ne produit pas de fragilisation par hydrog\u00e8ne, d&rsquo;un excellent comportement au niveau des unions viss\u00e9es, un bon comportement face aux agressions <\/span><\/p>\n\t\t\t\t\t\t<\/div>\n\t\t\t\t<\/div>\n\t\t\t\t<\/div>\n\t\t<div class=\"elementor-element elementor-element-b3f2eb7 e-con-full e-flex e-con e-child\" data-id=\"b3f2eb7\" data-element_type=\"container\" data-settings=\"{&quot;background_background&quot;:&quot;classic&quot;}\">\n\t\t\t\t<div class=\"elementor-element elementor-element-42bb770 elementor-widget elementor-widget-heading\" data-id=\"42bb770\" data-element_type=\"widget\" data-widget_type=\"heading.default\">\n\t\t\t\t<div class=\"elementor-widget-container\">\n\t\t\t<h3 class=\"elementor-heading-title elementor-size-default\">Rev\u00eatements Zintek<\/h3>\t\t<\/div>\n\t\t\t\t<\/div>\n\t\t\t\t<div class=\"elementor-element elementor-element-1474f3c elementor-widget elementor-widget-text-editor\" data-id=\"1474f3c\" data-element_type=\"widget\" data-widget_type=\"text-editor.default\">\n\t\t\t\t<div class=\"elementor-widget-container\">\n\t\t\t\t\t\t\t<p class=\"p1\">Rev\u00eatement lamellaire de zinc et aluminium, sur une base de solvant et de r\u00e9sine min\u00e9rale r\u00e9active, qui offre une r\u00e9sistance \u00e0 la corrosion \u00e9lev\u00e9e pour des \u00e9paisseurs faibles.<\/p>\n<p class=\"p1\">La r\u00e9sistance \u00e0 la corrosion peut \u00eatre compl\u00e9t\u00e9e par diff\u00e9rentes <em>topcoats<\/em>, qui \u00e0 leur tour, permettent d&rsquo;ajuster les coefficients de friction et d&rsquo;augmenter la r\u00e9sistance chimique et m\u00e9canique.<\/p>\n\t\t\t\t\t\t<\/div>\n\t\t\t\t<\/div>\n\t\t\t\t<\/div>\n\t\t<div class=\"elementor-element elementor-element-2d3c37c e-con-full e-flex e-con e-child\" data-id=\"2d3c37c\" data-element_type=\"container\" data-settings=\"{&quot;background_background&quot;:&quot;classic&quot;}\">\n\t\t\t\t<div class=\"elementor-element elementor-element-d932ec5 elementor-widget elementor-widget-heading\" data-id=\"d932ec5\" data-element_type=\"widget\" data-widget_type=\"heading.default\">\n\t\t\t\t<div class=\"elementor-widget-container\">\n\t\t\t<h3 class=\"elementor-heading-title elementor-size-default\">Rev\u00eatements zinc nickel<\/h3>\t\t<\/div>\n\t\t\t\t<\/div>\n\t\t\t\t<div class=\"elementor-element elementor-element-104695c elementor-widget elementor-widget-text-editor\" data-id=\"104695c\" data-element_type=\"widget\" data-widget_type=\"text-editor.default\">\n\t\t\t\t<div class=\"elementor-widget-container\">\n\t\t\t\t\t\t\t<p class=\"p1\">Rev\u00eatement \u00e9lectrolytique de zinc et nickel en suspension alcaline, d&rsquo;une excellente r\u00e9sistance \u00e0 la corrosion. Un rev\u00eatement qui se distingue \u00e9galement par sa grande duret\u00e9 contre l&rsquo;abrasion et sa grande r\u00e9sistance aux temp\u00e9ratures \u00e9lev\u00e9es. Il est adapt\u00e9 aux petits composants et aux pi\u00e8ces filet\u00e9es.  <\/p>\n<p class=\"p1\">Finition uniforme et d&rsquo;une dispersion contr\u00f4l\u00e9e, la passivation peut \u00eatre transparente ou noire. Possibilit\u00e9 d&rsquo;ajouter des produits d&rsquo;\u00e9tanch\u00e9it\u00e9 et de lubrification, en fonction des exigences.<\/p>\n\t\t\t\t\t\t<\/div>\n\t\t\t\t<\/div>\n\t\t\t\t<\/div>\n\t\t\t\t<\/div>\n\t\t\t\t\t<\/div>\n\t\t\t\t<\/div>\n\t\t<div class=\"elementor-element elementor-element-6afe7427 e-flex e-con-boxed e-con e-parent\" data-id=\"6afe7427\" data-element_type=\"container\" data-settings=\"{&quot;background_background&quot;:&quot;classic&quot;}\">\n\t\t\t\t\t<div class=\"e-con-inner\">\n\t\t<div class=\"elementor-element elementor-element-6e3fc5e3 e-con-full e-flex e-con e-child\" data-id=\"6e3fc5e3\" data-element_type=\"container\">\n\t\t\t\t<div class=\"elementor-element elementor-element-65165039 elementor-widget elementor-widget-heading\" data-id=\"65165039\" data-element_type=\"widget\" data-settings=\"{&quot;motion_fx_motion_fx_scrolling&quot;:&quot;yes&quot;,&quot;motion_fx_translateY_effect&quot;:&quot;yes&quot;,&quot;motion_fx_translateY_speed&quot;:{&quot;unit&quot;:&quot;px&quot;,&quot;size&quot;:&quot;0.5&quot;,&quot;sizes&quot;:[]},&quot;motion_fx_translateY_affectedRange&quot;:{&quot;unit&quot;:&quot;%&quot;,&quot;size&quot;:&quot;&quot;,&quot;sizes&quot;:{&quot;start&quot;:&quot;0&quot;,&quot;end&quot;:&quot;50&quot;}},&quot;motion_fx_opacity_effect&quot;:&quot;yes&quot;,&quot;motion_fx_opacity_range&quot;:{&quot;unit&quot;:&quot;%&quot;,&quot;size&quot;:&quot;&quot;,&quot;sizes&quot;:{&quot;start&quot;:&quot;0&quot;,&quot;end&quot;:&quot;50&quot;}},&quot;motion_fx_devices&quot;:[&quot;desktop&quot;,&quot;mobile&quot;],&quot;motion_fx_opacity_direction&quot;:&quot;out-in&quot;,&quot;motion_fx_opacity_level&quot;:{&quot;unit&quot;:&quot;px&quot;,&quot;size&quot;:10,&quot;sizes&quot;:[]}}\" data-widget_type=\"heading.default\">\n\t\t\t\t<div class=\"elementor-widget-container\">\n\t\t\t<h2 class=\"elementor-heading-title elementor-size-default\">Rev\u00eatements anticorrosion<\/h2>\t\t<\/div>\n\t\t\t\t<\/div>\n\t\t\t\t<\/div>\n\t\t<div class=\"elementor-element elementor-element-6af8f92 e-con-full e-flex e-con e-child\" data-id=\"6af8f92\" data-element_type=\"container\">\n\t\t\t\t<div class=\"elementor-element elementor-element-5535d1a elementor-widget elementor-widget-text-editor\" data-id=\"5535d1a\" data-element_type=\"widget\" data-widget_type=\"text-editor.default\">\n\t\t\t\t<div class=\"elementor-widget-container\">\n\t\t\t\t\t\t\t<p>Les rev\u00eatements lamellaires de zinc et aluminium, ainsi que les rev\u00eatements \u00e9lectrolytiques de zinc et nickel, sont des protections cathodiques qui prot\u00e8gent la pi\u00e8ce de la corrosion galvanique. Dans les deux cas, le zinc agit comme un rev\u00eatement de sacrifice pour prot\u00e9ger la pi\u00e8ce. <\/p>\n<p>Chez Jean Recubrimientos, nous disposons de deux des technologies de protection anticorrosion les plus efficaces, avec des \u00e9paisseurs minimales et de tr\u00e8s hautes<\/p>\n\t\t\t\t\t\t<\/div>\n\t\t\t\t<\/div>\n\t\t\t\t<div class=\"elementor-element elementor-element-f7c5245 elementor-widget elementor-widget-heading\" data-id=\"f7c5245\" data-element_type=\"widget\" data-settings=\"{&quot;motion_fx_motion_fx_scrolling&quot;:&quot;yes&quot;,&quot;motion_fx_translateY_effect&quot;:&quot;yes&quot;,&quot;motion_fx_translateY_speed&quot;:{&quot;unit&quot;:&quot;px&quot;,&quot;size&quot;:&quot;0.5&quot;,&quot;sizes&quot;:[]},&quot;motion_fx_translateY_affectedRange&quot;:{&quot;unit&quot;:&quot;%&quot;,&quot;size&quot;:&quot;&quot;,&quot;sizes&quot;:{&quot;start&quot;:&quot;0&quot;,&quot;end&quot;:&quot;50&quot;}},&quot;motion_fx_opacity_effect&quot;:&quot;yes&quot;,&quot;motion_fx_opacity_range&quot;:{&quot;unit&quot;:&quot;%&quot;,&quot;size&quot;:&quot;&quot;,&quot;sizes&quot;:{&quot;start&quot;:&quot;0&quot;,&quot;end&quot;:&quot;50&quot;}},&quot;motion_fx_devices&quot;:[&quot;desktop&quot;,&quot;mobile&quot;],&quot;motion_fx_opacity_direction&quot;:&quot;out-in&quot;,&quot;motion_fx_opacity_level&quot;:{&quot;unit&quot;:&quot;px&quot;,&quot;size&quot;:10,&quot;sizes&quot;:[]}}\" data-widget_type=\"heading.default\">\n\t\t\t\t<div class=\"elementor-widget-container\">\n\t\t\t<h3 class=\"elementor-heading-title elementor-size-default\">Geomet, Zintek et zinc et nickel<\/h3>\t\t<\/div>\n\t\t\t\t<\/div>\n\t\t\t\t<div class=\"elementor-element elementor-element-6a8d5ba elementor-widget elementor-widget-text-editor\" data-id=\"6a8d5ba\" data-element_type=\"widget\" data-widget_type=\"text-editor.default\">\n\t\t\t\t<div class=\"elementor-widget-container\">\n\t\t\t\t\t\t\t<p>Chez Jean Recubrimientos, nous offrons les services les plus avanc\u00e9s en mati\u00e8re de rev\u00eatements.<\/p>\n\t\t\t\t\t\t<\/div>\n\t\t\t\t<\/div>\n\t\t\t\t<\/div>\n\t\t\t\t\t<\/div>\n\t\t\t\t<\/div>\n\t\t<div class=\"elementor-element elementor-element-02a867d e-flex e-con-boxed e-con e-parent\" data-id=\"02a867d\" data-element_type=\"container\" data-settings=\"{&quot;background_background&quot;:&quot;classic&quot;,&quot;background_motion_fx_motion_fx_scrolling&quot;:&quot;yes&quot;,&quot;background_motion_fx_devices&quot;:[&quot;desktop&quot;,&quot;tablet&quot;,&quot;mobile&quot;]}\">\n\t\t\t\t\t<div class=\"e-con-inner\">\n\t\t\t\t\t<\/div>\n\t\t\t\t<\/div>\n\t\t<div class=\"elementor-element elementor-element-3b680a1 e-flex e-con-boxed e-con e-parent\" data-id=\"3b680a1\" data-element_type=\"container\" data-settings=\"{&quot;background_background&quot;:&quot;classic&quot;}\">\n\t\t\t\t\t<div class=\"e-con-inner\">\n\t\t<div class=\"elementor-element elementor-element-2d44e91 e-con-full e-flex e-con e-child\" data-id=\"2d44e91\" data-element_type=\"container\">\n\t\t\t\t<div class=\"elementor-element elementor-element-f966a7d elementor-widget elementor-widget-heading\" data-id=\"f966a7d\" data-element_type=\"widget\" data-settings=\"{&quot;motion_fx_motion_fx_scrolling&quot;:&quot;yes&quot;,&quot;motion_fx_translateY_effect&quot;:&quot;yes&quot;,&quot;motion_fx_translateY_speed&quot;:{&quot;unit&quot;:&quot;px&quot;,&quot;size&quot;:&quot;0.5&quot;,&quot;sizes&quot;:[]},&quot;motion_fx_translateY_affectedRange&quot;:{&quot;unit&quot;:&quot;%&quot;,&quot;size&quot;:&quot;&quot;,&quot;sizes&quot;:{&quot;start&quot;:&quot;0&quot;,&quot;end&quot;:&quot;50&quot;}},&quot;motion_fx_opacity_effect&quot;:&quot;yes&quot;,&quot;motion_fx_opacity_range&quot;:{&quot;unit&quot;:&quot;%&quot;,&quot;size&quot;:&quot;&quot;,&quot;sizes&quot;:{&quot;start&quot;:&quot;0&quot;,&quot;end&quot;:&quot;50&quot;}},&quot;motion_fx_devices&quot;:[&quot;desktop&quot;,&quot;mobile&quot;],&quot;motion_fx_opacity_direction&quot;:&quot;out-in&quot;,&quot;motion_fx_opacity_level&quot;:{&quot;unit&quot;:&quot;px&quot;,&quot;size&quot;:10,&quot;sizes&quot;:[]}}\" data-widget_type=\"heading.default\">\n\t\t\t\t<div class=\"elementor-widget-container\">\n\t\t\t<h2 class=\"elementor-heading-title elementor-size-default\">Secteurs<\/h2>\t\t<\/div>\n\t\t\t\t<\/div>\n\t\t\t\t<\/div>\n\t\t<div class=\"elementor-element elementor-element-87251ea e-con-full e-flex e-con e-child\" data-id=\"87251ea\" data-element_type=\"container\">\n\t\t\t\t<div class=\"elementor-element elementor-element-7aac0e0 elementor-widget elementor-widget-text-editor\" data-id=\"7aac0e0\" data-element_type=\"widget\" data-widget_type=\"text-editor.default\">\n\t\t\t\t<div class=\"elementor-widget-container\">\n\t\t\t\t\t\t\t<p>Jean Recubrimientos est sp\u00e9cialis\u00e9 dans la fourniture de services \u00e0 des secteurs tr\u00e8s exigeants, tels que<\/p>\n\t\t\t\t\t\t<\/div>\n\t\t\t\t<\/div>\n\t\t\t\t<div class=\"elementor-element elementor-element-842c00f elementor-widget elementor-widget-heading\" data-id=\"842c00f\" data-element_type=\"widget\" data-settings=\"{&quot;motion_fx_motion_fx_scrolling&quot;:&quot;yes&quot;,&quot;motion_fx_translateY_effect&quot;:&quot;yes&quot;,&quot;motion_fx_translateY_speed&quot;:{&quot;unit&quot;:&quot;px&quot;,&quot;size&quot;:&quot;0.5&quot;,&quot;sizes&quot;:[]},&quot;motion_fx_translateY_affectedRange&quot;:{&quot;unit&quot;:&quot;%&quot;,&quot;size&quot;:&quot;&quot;,&quot;sizes&quot;:{&quot;start&quot;:&quot;0&quot;,&quot;end&quot;:&quot;50&quot;}},&quot;motion_fx_opacity_effect&quot;:&quot;yes&quot;,&quot;motion_fx_opacity_range&quot;:{&quot;unit&quot;:&quot;%&quot;,&quot;size&quot;:&quot;&quot;,&quot;sizes&quot;:{&quot;start&quot;:&quot;0&quot;,&quot;end&quot;:&quot;50&quot;}},&quot;motion_fx_devices&quot;:[&quot;desktop&quot;,&quot;mobile&quot;],&quot;motion_fx_opacity_direction&quot;:&quot;out-in&quot;,&quot;motion_fx_opacity_level&quot;:{&quot;unit&quot;:&quot;px&quot;,&quot;size&quot;:10,&quot;sizes&quot;:[]}}\" data-widget_type=\"heading.default\">\n\t\t\t\t<div class=\"elementor-widget-container\">\n\t\t\t<h3 class=\"elementor-heading-title elementor-size-default\">l'automobile, l'\u00e9nergie \u00e9olienne, la construction, les chemins de fer et l'\u00e9nergie solaire<\/h3>\t\t<\/div>\n\t\t\t\t<\/div>\n\t\t\t\t<div class=\"elementor-element elementor-element-3343f19 elementor-widget elementor-widget-text-editor\" data-id=\"3343f19\" data-element_type=\"widget\" data-widget_type=\"text-editor.default\">\n\t\t\t\t<div class=\"elementor-widget-container\">\n\t\t\t\t\t\t\t<p>entre autres.<br \/>\nDans ces secteurs, les propri\u00e9t\u00e9s anticorrosion et m\u00e9caniques sont essentielles au succ\u00e8s des produits.<br \/>\nC&rsquo;est pourquoi nous nous engageons \u00e0 fournir des solutions de rev\u00eatement qui r\u00e9pondent \u00e0 ces exigences, garantissant la durabilit\u00e9 et les performances optimales des pi\u00e8ces.  <\/p>\n<p>En outre, nous utilisons des technologies et des processus de rev\u00eatement durables et \u00e9co-efficaces.<br \/>\nNous croyons fermement \u00e0 l&rsquo;importance de minimiser notre impact sur l&rsquo;environnement, c&rsquo;est pourquoi nous nous effor\u00e7ons de proposer des solutions de rev\u00eatement qui sont non seulement efficaces en termes de performances, mais aussi respectueuses de l&rsquo;environnement. <\/p>\n\t\t\t\t\t\t<\/div>\n\t\t\t\t<\/div>\n\t\t\t\t<\/div>\n\t\t\t\t\t<\/div>\n\t\t\t\t<\/div>\n\t\t\t\t<\/div>\n\t\t","protected":false},"excerpt":{"rendered":"<p>Chez Jean Recubrimientos, nous offrons les services les plus avanc\u00e9s en mati\u00e8re de rev\u00eatements. Rev\u00eatements Geomet Rev\u00eatement lamellaire de zinc et aluminium, sur une base aqueuse et agglom\u00e9rante, organique et min\u00e9rale, qui offre une r\u00e9sistance \u00e0 la corrosion \u00e9lev\u00e9e pour des \u00e9paisseurs faibles, gr\u00e2ce \u00e0 la g\u00e9om\u00e9trie lamellaire. L&rsquo;application de diff\u00e9rentes topcoats permet d&rsquo;ajuster les [&hellip;]<\/p>\n","protected":false},"author":1,"featured_media":0,"parent":0,"menu_order":0,"comment_status":"closed","ping_status":"closed","template":"elementor_header_footer","meta":{"footnotes":""},"class_list":["post-1285","page","type-page","status-publish","hentry"],"_links":{"self":[{"href":"https:\/\/jeanrecubrimientos.com\/fr\/wp-json\/wp\/v2\/pages\/1285"}],"collection":[{"href":"https:\/\/jeanrecubrimientos.com\/fr\/wp-json\/wp\/v2\/pages"}],"about":[{"href":"https:\/\/jeanrecubrimientos.com\/fr\/wp-json\/wp\/v2\/types\/page"}],"author":[{"embeddable":true,"href":"https:\/\/jeanrecubrimientos.com\/fr\/wp-json\/wp\/v2\/users\/1"}],"replies":[{"embeddable":true,"href":"https:\/\/jeanrecubrimientos.com\/fr\/wp-json\/wp\/v2\/comments?post=1285"}],"version-history":[{"count":9,"href":"https:\/\/jeanrecubrimientos.com\/fr\/wp-json\/wp\/v2\/pages\/1285\/revisions"}],"predecessor-version":[{"id":1703,"href":"https:\/\/jeanrecubrimientos.com\/fr\/wp-json\/wp\/v2\/pages\/1285\/revisions\/1703"}],"wp:attachment":[{"href":"https:\/\/jeanrecubrimientos.com\/fr\/wp-json\/wp\/v2\/media?parent=1285"}],"curies":[{"name":"wp","href":"https:\/\/api.w.org\/{rel}","templated":true}]}}