{"id":1291,"date":"2024-03-11T13:31:45","date_gmt":"2024-03-11T12:31:45","guid":{"rendered":"https:\/\/jeanrecubrimientos.com\/galerie\/"},"modified":"2025-04-29T11:00:33","modified_gmt":"2025-04-29T09:00:33","slug":"galerie","status":"publish","type":"page","link":"https:\/\/jeanrecubrimientos.com\/fr\/galerie\/","title":{"rendered":"Galerie"},"content":{"rendered":"\t\t<div data-elementor-type=\"wp-page\" data-elementor-id=\"1291\" class=\"elementor elementor-1291 elementor-687\" data-elementor-post-type=\"page\">\n\t\t\t\t<div class=\"elementor-element elementor-element-2f628168 e-flex e-con-boxed e-con e-parent\" data-id=\"2f628168\" data-element_type=\"container\" data-settings=\"{&quot;background_background&quot;:&quot;gradient&quot;}\">\n\t\t\t\t\t<div class=\"e-con-inner\">\n\t\t\t\t<div class=\"elementor-element elementor-element-22d8c0c1 elementor-widget elementor-widget-heading\" data-id=\"22d8c0c1\" data-element_type=\"widget\" data-widget_type=\"heading.default\">\n\t\t\t\t<div class=\"elementor-widget-container\">\n\t\t\t<h1 class=\"elementor-heading-title elementor-size-default\">Galerie<\/h1>\t\t<\/div>\n\t\t\t\t<\/div>\n\t\t\t\t<div class=\"elementor-element elementor-element-5f3ee5c6 elementor-widget elementor-widget-heading\" data-id=\"5f3ee5c6\" data-element_type=\"widget\" data-widget_type=\"heading.default\">\n\t\t\t\t<div class=\"elementor-widget-container\">\n\t\t\t<h3 class=\"elementor-heading-title elementor-size-default\">Nous nous engageons \u00e0 faire preuve d'excellence dans notre travail<\/h3>\t\t<\/div>\n\t\t\t\t<\/div>\n\t\t\t\t\t<\/div>\n\t\t\t\t<\/div>\n\t\t<div class=\"elementor-element elementor-element-8836164 e-flex e-con-boxed e-con e-parent\" data-id=\"8836164\" data-element_type=\"container\">\n\t\t\t\t\t<div class=\"e-con-inner\">\n\t\t<div class=\"elementor-element elementor-element-7656cbf e-flex e-con-boxed e-con e-child\" data-id=\"7656cbf\" data-element_type=\"container\">\n\t\t\t\t\t<div class=\"e-con-inner\">\n\t\t\t\t<div class=\"elementor-element elementor-element-682d9d6 elementor-widget elementor-widget-heading\" data-id=\"682d9d6\" data-element_type=\"widget\" data-widget_type=\"heading.default\">\n\t\t\t\t<div class=\"elementor-widget-container\">\n\t\t\t<h2 class=\"elementor-heading-title elementor-size-default\">Pi\u00e8ces d\u00e9tach\u00e9es<\/h2>\t\t<\/div>\n\t\t\t\t<\/div>\n\t\t\t\t<div class=\"elementor-element elementor-element-5eab1eea elementor-widget elementor-widget-text-editor\" data-id=\"5eab1eea\" data-element_type=\"widget\" data-widget_type=\"text-editor.default\">\n\t\t\t\t<div class=\"elementor-widget-container\">\n\t\t\t\t\t\t\t<p>Dans cette section, nous vous invitons \u00e0 d\u00e9couvrir une collection de photographies de nos pi\u00e8ces les plus repr\u00e9sentatives, mais il en existe bien plus encore, alors n&rsquo;h\u00e9sitez pas \u00e0 nous contacter pour conna\u00eetre toutes les possibilit\u00e9s que nous pouvons vous offrir. <\/p>\n\t\t\t\t\t\t<\/div>\n\t\t\t\t<\/div>\n\t\t\t\t\t<\/div>\n\t\t\t\t<\/div>\n\t\t\t\t<div class=\"elementor-element elementor-element-9266916 elementor-widget elementor-widget-gallery\" data-id=\"9266916\" data-element_type=\"widget\" data-settings=\"{&quot;columns&quot;:3,&quot;overlay_description&quot;:&quot;description&quot;,&quot;lazyload&quot;:&quot;yes&quot;,&quot;gallery_layout&quot;:&quot;grid&quot;,&quot;columns_tablet&quot;:2,&quot;columns_mobile&quot;:1,&quot;gap&quot;:{&quot;unit&quot;:&quot;px&quot;,&quot;size&quot;:10,&quot;sizes&quot;:[]},&quot;gap_tablet&quot;:{&quot;unit&quot;:&quot;px&quot;,&quot;size&quot;:10,&quot;sizes&quot;:[]},&quot;gap_mobile&quot;:{&quot;unit&quot;:&quot;px&quot;,&quot;size&quot;:10,&quot;sizes&quot;:[]},&quot;link_to&quot;:&quot;file&quot;,&quot;aspect_ratio&quot;:&quot;3:2&quot;,&quot;overlay_background&quot;:&quot;yes&quot;,&quot;content_hover_animation&quot;:&quot;fade-in&quot;}\" data-widget_type=\"gallery.default\">\n\t\t\t\t<div class=\"elementor-widget-container\">\n\t\t\t\t\t<div class=\"elementor-gallery__container\">\n\t\t\t\t\t\t\t<a class=\"e-gallery-item elementor-gallery-item elementor-animated-content\" href=\"https:\/\/jeanrecubrimientos.com\/wp-content\/uploads\/2024\/03\/Ref.visual-Galeria-1-1.jpg\" data-elementor-open-lightbox=\"yes\" data-elementor-lightbox-slideshow=\"9266916\" data-elementor-lightbox-description=\"Descripci\u00f3n pieza\" data-e-action-hash=\"#elementor-action%3Aaction%3Dlightbox%26settings%3DeyJpZCI6NjkxLCJ1cmwiOiJodHRwczpcL1wvamVhbnJlY3VicmltaWVudG9zLmNvbVwvd3AtY29udGVudFwvdXBsb2Fkc1wvMjAyNFwvMDNcL1JlZi52aXN1YWwtR2FsZXJpYS0xLTEuanBnIiwic2xpZGVzaG93IjoiOTI2NjkxNiJ9\">\n\t\t\t\t\t<div class=\"e-gallery-image elementor-gallery-item__image\" data-thumbnail=\"https:\/\/jeanrecubrimientos.com\/wp-content\/uploads\/2024\/03\/Ref.visual-Galeria-1-1-300x193.jpg\" data-width=\"300\" data-height=\"193\" aria-label=\"\" role=\"img\" ><\/div>\n\t\t\t\t\t\t\t\t\t\t\t<div class=\"elementor-gallery-item__overlay\"><\/div>\n\t\t\t\t\t\t\t\t\t\t\t\t\t\t\t<div class=\"elementor-gallery-item__content\">\n\t\t\t\t\t\t\t\t\t\t\t\t\t\t<div class=\"elementor-gallery-item__description\">\n\t\t\t\t\t\t\t\t\t\t\t\t\t\t\t\t\t\tDescripci\u00f3n pieza\t\t\t\t\t\t\t\t<\/div>\n\t\t\t\t\t\t\t\t\t\t\t\t<\/div>\n\t\t\t\t\t\t\t\t\t<\/a>\n\t\t\t\t\t\t\t<a class=\"e-gallery-item elementor-gallery-item elementor-animated-content\" href=\"https:\/\/jeanrecubrimientos.com\/wp-content\/uploads\/2024\/03\/Ref.visual-Galeria-2.jpg\" data-elementor-open-lightbox=\"yes\" data-elementor-lightbox-slideshow=\"9266916\" data-elementor-lightbox-description=\"Descripci\u00f3n pieza\" data-e-action-hash=\"#elementor-action%3Aaction%3Dlightbox%26settings%3DeyJpZCI6NjkyLCJ1cmwiOiJodHRwczpcL1wvamVhbnJlY3VicmltaWVudG9zLmNvbVwvd3AtY29udGVudFwvdXBsb2Fkc1wvMjAyNFwvMDNcL1JlZi52aXN1YWwtR2FsZXJpYS0yLmpwZyIsInNsaWRlc2hvdyI6IjkyNjY5MTYifQ%3D%3D\">\n\t\t\t\t\t<div class=\"e-gallery-image elementor-gallery-item__image\" data-thumbnail=\"https:\/\/jeanrecubrimientos.com\/wp-content\/uploads\/2024\/03\/Ref.visual-Galeria-2-300x225.jpg\" data-width=\"300\" data-height=\"225\" aria-label=\"\" role=\"img\" ><\/div>\n\t\t\t\t\t\t\t\t\t\t\t<div class=\"elementor-gallery-item__overlay\"><\/div>\n\t\t\t\t\t\t\t\t\t\t\t\t\t\t\t<div class=\"elementor-gallery-item__content\">\n\t\t\t\t\t\t\t\t\t\t\t\t\t\t<div class=\"elementor-gallery-item__description\">\n\t\t\t\t\t\t\t\t\t\t\t\t\t\t\t\t\t\tDescripci\u00f3n pieza\t\t\t\t\t\t\t\t<\/div>\n\t\t\t\t\t\t\t\t\t\t\t\t<\/div>\n\t\t\t\t\t\t\t\t\t<\/a>\n\t\t\t\t\t\t\t<a class=\"e-gallery-item elementor-gallery-item elementor-animated-content\" href=\"https:\/\/jeanrecubrimientos.com\/wp-content\/uploads\/2024\/03\/Ref.visual-Galeria-3.jpg\" data-elementor-open-lightbox=\"yes\" data-elementor-lightbox-slideshow=\"9266916\" data-elementor-lightbox-description=\"Descripci\u00f3n pieza\" data-e-action-hash=\"#elementor-action%3Aaction%3Dlightbox%26settings%3DeyJpZCI6NjkzLCJ1cmwiOiJodHRwczpcL1wvamVhbnJlY3VicmltaWVudG9zLmNvbVwvd3AtY29udGVudFwvdXBsb2Fkc1wvMjAyNFwvMDNcL1JlZi52aXN1YWwtR2FsZXJpYS0zLmpwZyIsInNsaWRlc2hvdyI6IjkyNjY5MTYifQ%3D%3D\">\n\t\t\t\t\t<div class=\"e-gallery-image elementor-gallery-item__image\" data-thumbnail=\"https:\/\/jeanrecubrimientos.com\/wp-content\/uploads\/2024\/03\/Ref.visual-Galeria-3-300x201.jpg\" data-width=\"300\" data-height=\"201\" aria-label=\"\" role=\"img\" ><\/div>\n\t\t\t\t\t\t\t\t\t\t\t<div class=\"elementor-gallery-item__overlay\"><\/div>\n\t\t\t\t\t\t\t\t\t\t\t\t\t\t\t<div class=\"elementor-gallery-item__content\">\n\t\t\t\t\t\t\t\t\t\t\t\t\t\t<div class=\"elementor-gallery-item__description\">\n\t\t\t\t\t\t\t\t\t\t\t\t\t\t\t\t\t\tDescripci\u00f3n pieza\t\t\t\t\t\t\t\t<\/div>\n\t\t\t\t\t\t\t\t\t\t\t\t<\/div>\n\t\t\t\t\t\t\t\t\t<\/a>\n\t\t\t\t\t\t\t<a class=\"e-gallery-item elementor-gallery-item elementor-animated-content\" href=\"https:\/\/jeanrecubrimientos.com\/wp-content\/uploads\/2024\/03\/Ref.visual-Galeria-4.jpg\" data-elementor-open-lightbox=\"yes\" data-elementor-lightbox-slideshow=\"9266916\" data-elementor-lightbox-description=\"Descripci\u00f3n pieza\" data-e-action-hash=\"#elementor-action%3Aaction%3Dlightbox%26settings%3DeyJpZCI6Njk0LCJ1cmwiOiJodHRwczpcL1wvamVhbnJlY3VicmltaWVudG9zLmNvbVwvd3AtY29udGVudFwvdXBsb2Fkc1wvMjAyNFwvMDNcL1JlZi52aXN1YWwtR2FsZXJpYS00LmpwZyIsInNsaWRlc2hvdyI6IjkyNjY5MTYifQ%3D%3D\">\n\t\t\t\t\t<div class=\"e-gallery-image elementor-gallery-item__image\" data-thumbnail=\"https:\/\/jeanrecubrimientos.com\/wp-content\/uploads\/2024\/03\/Ref.visual-Galeria-4-300x200.jpg\" data-width=\"300\" data-height=\"200\" aria-label=\"\" role=\"img\" ><\/div>\n\t\t\t\t\t\t\t\t\t\t\t<div class=\"elementor-gallery-item__overlay\"><\/div>\n\t\t\t\t\t\t\t\t\t\t\t\t\t\t\t<div class=\"elementor-gallery-item__content\">\n\t\t\t\t\t\t\t\t\t\t\t\t\t\t<div class=\"elementor-gallery-item__description\">\n\t\t\t\t\t\t\t\t\t\t\t\t\t\t\t\t\t\tDescripci\u00f3n pieza\t\t\t\t\t\t\t\t<\/div>\n\t\t\t\t\t\t\t\t\t\t\t\t<\/div>\n\t\t\t\t\t\t\t\t\t<\/a>\n\t\t\t\t\t\t\t<a class=\"e-gallery-item elementor-gallery-item elementor-animated-content\" href=\"https:\/\/jeanrecubrimientos.com\/wp-content\/uploads\/2024\/03\/Ref.visual-Galeria-5.jpg\" data-elementor-open-lightbox=\"yes\" data-elementor-lightbox-slideshow=\"9266916\" data-elementor-lightbox-description=\"Descripci\u00f3n pieza\" data-e-action-hash=\"#elementor-action%3Aaction%3Dlightbox%26settings%3DeyJpZCI6Njk1LCJ1cmwiOiJodHRwczpcL1wvamVhbnJlY3VicmltaWVudG9zLmNvbVwvd3AtY29udGVudFwvdXBsb2Fkc1wvMjAyNFwvMDNcL1JlZi52aXN1YWwtR2FsZXJpYS01LmpwZyIsInNsaWRlc2hvdyI6IjkyNjY5MTYifQ%3D%3D\">\n\t\t\t\t\t<div class=\"e-gallery-image elementor-gallery-item__image\" data-thumbnail=\"https:\/\/jeanrecubrimientos.com\/wp-content\/uploads\/2024\/03\/Ref.visual-Galeria-5-300x200.jpg\" data-width=\"300\" data-height=\"200\" aria-label=\"\" role=\"img\" ><\/div>\n\t\t\t\t\t\t\t\t\t\t\t<div class=\"elementor-gallery-item__overlay\"><\/div>\n\t\t\t\t\t\t\t\t\t\t\t\t\t\t\t<div class=\"elementor-gallery-item__content\">\n\t\t\t\t\t\t\t\t\t\t\t\t\t\t<div class=\"elementor-gallery-item__description\">\n\t\t\t\t\t\t\t\t\t\t\t\t\t\t\t\t\t\tDescripci\u00f3n pieza\t\t\t\t\t\t\t\t<\/div>\n\t\t\t\t\t\t\t\t\t\t\t\t<\/div>\n\t\t\t\t\t\t\t\t\t<\/a>\n\t\t\t\t\t\t\t<a class=\"e-gallery-item elementor-gallery-item elementor-animated-content\" href=\"https:\/\/jeanrecubrimientos.com\/wp-content\/uploads\/2024\/03\/Ref.visual-Galeria-6.jpg\" data-elementor-open-lightbox=\"yes\" data-elementor-lightbox-slideshow=\"9266916\" data-elementor-lightbox-description=\"Descripci\u00f3n pieza\" data-e-action-hash=\"#elementor-action%3Aaction%3Dlightbox%26settings%3DeyJpZCI6Njk2LCJ1cmwiOiJodHRwczpcL1wvamVhbnJlY3VicmltaWVudG9zLmNvbVwvd3AtY29udGVudFwvdXBsb2Fkc1wvMjAyNFwvMDNcL1JlZi52aXN1YWwtR2FsZXJpYS02LmpwZyIsInNsaWRlc2hvdyI6IjkyNjY5MTYifQ%3D%3D\">\n\t\t\t\t\t<div class=\"e-gallery-image elementor-gallery-item__image\" data-thumbnail=\"https:\/\/jeanrecubrimientos.com\/wp-content\/uploads\/2024\/03\/Ref.visual-Galeria-6-300x200.jpg\" data-width=\"300\" data-height=\"200\" aria-label=\"\" role=\"img\" ><\/div>\n\t\t\t\t\t\t\t\t\t\t\t<div class=\"elementor-gallery-item__overlay\"><\/div>\n\t\t\t\t\t\t\t\t\t\t\t\t\t\t\t<div class=\"elementor-gallery-item__content\">\n\t\t\t\t\t\t\t\t\t\t\t\t\t\t<div class=\"elementor-gallery-item__description\">\n\t\t\t\t\t\t\t\t\t\t\t\t\t\t\t\t\t\tDescripci\u00f3n pieza\t\t\t\t\t\t\t\t<\/div>\n\t\t\t\t\t\t\t\t\t\t\t\t<\/div>\n\t\t\t\t\t\t\t\t\t<\/a>\n\t\t\t\t\t<\/div>\n\t\t\t<\/div>\n\t\t\t\t<\/div>\n\t\t\t\t\t<\/div>\n\t\t\t\t<\/div>\n\t\t<div class=\"elementor-element elementor-element-8eca397 e-flex e-con-boxed e-con e-parent\" data-id=\"8eca397\" data-element_type=\"container\">\n\t\t\t\t\t<div class=\"e-con-inner\">\n\t\t<div class=\"elementor-element elementor-element-b7f14d0 e-flex e-con-boxed e-con e-child\" data-id=\"b7f14d0\" data-element_type=\"container\">\n\t\t\t\t\t<div class=\"e-con-inner\">\n\t\t\t\t<div class=\"elementor-element elementor-element-2e8dc42 elementor-widget elementor-widget-heading\" data-id=\"2e8dc42\" data-element_type=\"widget\" data-widget_type=\"heading.default\">\n\t\t\t\t<div class=\"elementor-widget-container\">\n\t\t\t<h2 class=\"elementor-heading-title elementor-size-default\">Vid\u00e9os<\/h2>\t\t<\/div>\n\t\t\t\t<\/div>\n\t\t\t\t<div class=\"elementor-element elementor-element-a1e1a27 elementor-widget elementor-widget-text-editor\" data-id=\"a1e1a27\" data-element_type=\"widget\" data-widget_type=\"text-editor.default\">\n\t\t\t\t<div class=\"elementor-widget-container\">\n\t\t\t\t\t\t\t<p>Dans cette section vid\u00e9o, nous vous invitons \u00e0 d\u00e9couvrir en quelques secondes quelques-uns des services que nous pouvons vous offrir. N&rsquo;h\u00e9sitez pas \u00e0 nous contacter pour en savoir plus. <\/p>\n\t\t\t\t\t\t<\/div>\n\t\t\t\t<\/div>\n\t\t\t\t\t<\/div>\n\t\t\t\t<\/div>\n\t\t<div class=\"elementor-element elementor-element-3091265 e-flex e-con-boxed e-con e-child\" data-id=\"3091265\" data-element_type=\"container\">\n\t\t\t\t\t<div class=\"e-con-inner\">\n\t\t<div class=\"elementor-element elementor-element-26574fc e-con-full e-flex e-con e-child\" data-id=\"26574fc\" data-element_type=\"container\">\n\t\t\t\t<div class=\"elementor-element elementor-element-2e25e7a elementor-widget elementor-widget-video\" data-id=\"2e25e7a\" data-element_type=\"widget\" data-settings=\"{&quot;video_type&quot;:&quot;hosted&quot;,&quot;controls&quot;:&quot;yes&quot;}\" data-widget_type=\"video.default\">\n\t\t\t\t<div class=\"elementor-widget-container\">\n\t\t\t\t\t<div class=\"e-hosted-video elementor-wrapper elementor-open-inline\">\n\t\t\t\t\t<video class=\"elementor-video\" src=\"https:\/\/jeanrecubrimientos.com\/wp-content\/uploads\/2024\/03\/Jean_Redes-6.mp4\" controls=\"\" preload=\"metadata\" controlsList=\"nodownload\" poster=\"https:\/\/jeanrecubrimientos.com\/wp-content\/uploads\/2024\/03\/redes6.png\"><\/video>\n\t\t\t\t<\/div>\n\t\t\t\t<\/div>\n\t\t\t\t<\/div>\n\t\t\t\t<\/div>\n\t\t<div class=\"elementor-element elementor-element-42e3ae9 e-con-full e-flex e-con e-child\" data-id=\"42e3ae9\" data-element_type=\"container\">\n\t\t\t\t<div class=\"elementor-element elementor-element-6f66f3b elementor-widget elementor-widget-video\" data-id=\"6f66f3b\" data-element_type=\"widget\" data-settings=\"{&quot;video_type&quot;:&quot;hosted&quot;,&quot;controls&quot;:&quot;yes&quot;}\" data-widget_type=\"video.default\">\n\t\t\t\t<div class=\"elementor-widget-container\">\n\t\t\t\t\t<div class=\"e-hosted-video elementor-wrapper elementor-open-inline\">\n\t\t\t\t\t<video class=\"elementor-video\" src=\"https:\/\/jeanrecubrimientos.com\/wp-content\/uploads\/2024\/03\/Jean_Redes-8.mp4\" controls=\"\" preload=\"metadata\" controlsList=\"nodownload\" poster=\"https:\/\/jeanrecubrimientos.com\/wp-content\/uploads\/2024\/03\/redes8.png\"><\/video>\n\t\t\t\t<\/div>\n\t\t\t\t<\/div>\n\t\t\t\t<\/div>\n\t\t\t\t<\/div>\n\t\t<div class=\"elementor-element elementor-element-267ee5f e-con-full e-flex e-con e-child\" data-id=\"267ee5f\" data-element_type=\"container\">\n\t\t\t\t<div class=\"elementor-element elementor-element-9550345 elementor-widget elementor-widget-video\" data-id=\"9550345\" data-element_type=\"widget\" data-settings=\"{&quot;video_type&quot;:&quot;hosted&quot;,&quot;controls&quot;:&quot;yes&quot;}\" data-widget_type=\"video.default\">\n\t\t\t\t<div class=\"elementor-widget-container\">\n\t\t\t\t\t<div class=\"e-hosted-video elementor-wrapper elementor-open-inline\">\n\t\t\t\t\t<video class=\"elementor-video\" src=\"https:\/\/jeanrecubrimientos.com\/wp-content\/uploads\/2024\/03\/Jean_Redes-10.mp4\" controls=\"\" preload=\"metadata\" controlsList=\"nodownload\" poster=\"https:\/\/jeanrecubrimientos.com\/wp-content\/uploads\/2024\/03\/redes10.png\"><\/video>\n\t\t\t\t<\/div>\n\t\t\t\t<\/div>\n\t\t\t\t<\/div>\n\t\t\t\t<\/div>\n\t\t\t\t\t<\/div>\n\t\t\t\t<\/div>\n\t\t\t\t\t<\/div>\n\t\t\t\t<\/div>\n\t\t\t\t<\/div>\n\t\t","protected":false},"excerpt":{"rendered":"<p>Galerie Nous nous engageons \u00e0 faire preuve d&rsquo;excellence dans notre travail Pi\u00e8ces d\u00e9tach\u00e9es Dans cette section, nous vous invitons \u00e0 d\u00e9couvrir une collection de photographies de nos pi\u00e8ces les plus repr\u00e9sentatives, mais il en existe bien plus encore, alors n&rsquo;h\u00e9sitez pas \u00e0 nous contacter pour conna\u00eetre toutes les possibilit\u00e9s que nous pouvons vous offrir. Descripci\u00f3n [&hellip;]<\/p>\n","protected":false},"author":1,"featured_media":0,"parent":0,"menu_order":0,"comment_status":"closed","ping_status":"closed","template":"elementor_header_footer","meta":{"footnotes":""},"class_list":["post-1291","page","type-page","status-publish","hentry"],"_links":{"self":[{"href":"https:\/\/jeanrecubrimientos.com\/fr\/wp-json\/wp\/v2\/pages\/1291"}],"collection":[{"href":"https:\/\/jeanrecubrimientos.com\/fr\/wp-json\/wp\/v2\/pages"}],"about":[{"href":"https:\/\/jeanrecubrimientos.com\/fr\/wp-json\/wp\/v2\/types\/page"}],"author":[{"embeddable":true,"href":"https:\/\/jeanrecubrimientos.com\/fr\/wp-json\/wp\/v2\/users\/1"}],"replies":[{"embeddable":true,"href":"https:\/\/jeanrecubrimientos.com\/fr\/wp-json\/wp\/v2\/comments?post=1291"}],"version-history":[{"count":18,"href":"https:\/\/jeanrecubrimientos.com\/fr\/wp-json\/wp\/v2\/pages\/1291\/revisions"}],"predecessor-version":[{"id":1704,"href":"https:\/\/jeanrecubrimientos.com\/fr\/wp-json\/wp\/v2\/pages\/1291\/revisions\/1704"}],"wp:attachment":[{"href":"https:\/\/jeanrecubrimientos.com\/fr\/wp-json\/wp\/v2\/media?parent=1291"}],"curies":[{"name":"wp","href":"https:\/\/api.w.org\/{rel}","templated":true}]}}