{"id":1315,"date":"2024-03-11T14:19:01","date_gmt":"2024-03-11T13:19:01","guid":{"rendered":"https:\/\/jeanrecubrimientos.com\/recubrimientos\/"},"modified":"2025-04-29T10:52:27","modified_gmt":"2025-04-29T08:52:27","slug":"revetements","status":"publish","type":"page","link":"https:\/\/jeanrecubrimientos.com\/fr\/revetements\/","title":{"rendered":"rev\u00eatements"},"content":{"rendered":"\t\t<div data-elementor-type=\"wp-page\" data-elementor-id=\"1315\" class=\"elementor elementor-1315 elementor-723\" data-elementor-post-type=\"page\">\n\t\t\t\t<div class=\"elementor-element elementor-element-2f628168 e-flex e-con-boxed e-con e-parent\" data-id=\"2f628168\" data-element_type=\"container\" data-settings=\"{&quot;background_background&quot;:&quot;gradient&quot;}\">\n\t\t\t\t\t<div class=\"e-con-inner\">\n\t\t\t\t<div class=\"elementor-element elementor-element-22d8c0c1 elementor-widget elementor-widget-heading\" data-id=\"22d8c0c1\" data-element_type=\"widget\" data-widget_type=\"heading.default\">\n\t\t\t\t<div class=\"elementor-widget-container\">\n\t\t\t<h1 class=\"elementor-heading-title elementor-size-default\">Rev\u00eatements<\/h1>\t\t<\/div>\n\t\t\t\t<\/div>\n\t\t\t\t<div class=\"elementor-element elementor-element-5f3ee5c6 elementor-widget elementor-widget-heading\" data-id=\"5f3ee5c6\" data-element_type=\"widget\" data-widget_type=\"heading.default\">\n\t\t\t\t<div class=\"elementor-widget-container\">\n\t\t\t<h3 class=\"elementor-heading-title elementor-size-default\">Nous offrons les services de rev\u00eatement les plus avanc\u00e9s<\/h3>\t\t<\/div>\n\t\t\t\t<\/div>\n\t\t\t\t\t<\/div>\n\t\t\t\t<\/div>\n\t\t<div class=\"elementor-element elementor-element-30dcb83d e-flex e-con-boxed e-con e-parent\" data-id=\"30dcb83d\" data-element_type=\"container\" data-settings=\"{&quot;background_background&quot;:&quot;classic&quot;}\">\n\t\t\t\t\t<div class=\"e-con-inner\">\n\t\t<div class=\"elementor-element elementor-element-449eaadf e-con-full e-flex e-con e-child\" data-id=\"449eaadf\" data-element_type=\"container\">\n\t\t\t\t<div class=\"elementor-element elementor-element-67bd4b8d elementor-widget elementor-widget-heading\" data-id=\"67bd4b8d\" data-element_type=\"widget\" data-widget_type=\"heading.default\">\n\t\t\t\t<div class=\"elementor-widget-container\">\n\t\t\t<h2 class=\"elementor-heading-title elementor-size-default\">Rev\u00eatements<\/h2>\t\t<\/div>\n\t\t\t\t<\/div>\n\t\t\t\t<div class=\"elementor-element elementor-element-53ea0ee elementor-widget elementor-widget-heading\" data-id=\"53ea0ee\" data-element_type=\"widget\" data-widget_type=\"heading.default\">\n\t\t\t\t<div class=\"elementor-widget-container\">\n\t\t\t<h2 class=\"elementor-heading-title elementor-size-default\">ZINC LAMELLAIRE<\/h2>\t\t<\/div>\n\t\t\t\t<\/div>\n\t\t\t\t<div class=\"elementor-element elementor-element-0f2775a elementor-widget elementor-widget-image\" data-id=\"0f2775a\" data-element_type=\"widget\" data-widget_type=\"image.default\">\n\t\t\t\t<div class=\"elementor-widget-container\">\n\t\t\t\t\t\t\t\t\t\t\t\t\t<img fetchpriority=\"high\" decoding=\"async\" width=\"800\" height=\"323\" src=\"https:\/\/jeanrecubrimientos.com\/wp-content\/uploads\/2024\/03\/lamelar-1024x414.jpg\" class=\"attachment-large size-large wp-image-870\" alt=\"\" srcset=\"https:\/\/jeanrecubrimientos.com\/wp-content\/uploads\/2024\/03\/lamelar-1024x414.jpg 1024w, https:\/\/jeanrecubrimientos.com\/wp-content\/uploads\/2024\/03\/lamelar-300x121.jpg 300w, https:\/\/jeanrecubrimientos.com\/wp-content\/uploads\/2024\/03\/lamelar-768x310.jpg 768w, https:\/\/jeanrecubrimientos.com\/wp-content\/uploads\/2024\/03\/lamelar.jpg 1255w\" sizes=\"(max-width: 800px) 100vw, 800px\" \/>\t\t\t\t\t\t\t\t\t\t\t\t\t<\/div>\n\t\t\t\t<\/div>\n\t\t\t\t<div class=\"elementor-element elementor-element-404e606 elementor-widget elementor-widget-button\" data-id=\"404e606\" data-element_type=\"widget\" data-widget_type=\"button.default\">\n\t\t\t\t<div class=\"elementor-widget-container\">\n\t\t\t\t\t<div class=\"elementor-button-wrapper\">\n\t\t\t<a class=\"elementor-button elementor-button-link elementor-size-xl\" href=\"https:\/\/jeanrecubrimientos.com\/fr\/revetements\/zinc-lamellaire-revetements\/\">\n\t\t\t\t\t\t<span class=\"elementor-button-content-wrapper\">\n\t\t\t\t\t\t\t\t\t<span class=\"elementor-button-text\">En savoir plus sur les rev\u00eatements en zinc-lamellaire<\/span>\n\t\t\t\t\t<\/span>\n\t\t\t\t\t<\/a>\n\t\t<\/div>\n\t\t\t\t<\/div>\n\t\t\t\t<\/div>\n\t\t\t\t<\/div>\n\t\t<div class=\"elementor-element elementor-element-91aed6e e-con-full e-flex e-con e-child\" data-id=\"91aed6e\" data-element_type=\"container\">\n\t\t\t\t<div class=\"elementor-element elementor-element-f978768 elementor-widget elementor-widget-heading\" data-id=\"f978768\" data-element_type=\"widget\" data-widget_type=\"heading.default\">\n\t\t\t\t<div class=\"elementor-widget-container\">\n\t\t\t<h2 class=\"elementor-heading-title elementor-size-default\">Rev\u00eatements<\/h2>\t\t<\/div>\n\t\t\t\t<\/div>\n\t\t\t\t<div class=\"elementor-element elementor-element-784d202 elementor-widget elementor-widget-heading\" data-id=\"784d202\" data-element_type=\"widget\" data-widget_type=\"heading.default\">\n\t\t\t\t<div class=\"elementor-widget-container\">\n\t\t\t<h2 class=\"elementor-heading-title elementor-size-default\">ZINC NICKEL<\/h2>\t\t<\/div>\n\t\t\t\t<\/div>\n\t\t\t\t<div class=\"elementor-element elementor-element-beca4a7 elementor-widget elementor-widget-image\" data-id=\"beca4a7\" data-element_type=\"widget\" data-widget_type=\"image.default\">\n\t\t\t\t<div class=\"elementor-widget-container\">\n\t\t\t\t\t\t\t\t\t\t\t\t\t<img decoding=\"async\" width=\"800\" height=\"323\" src=\"https:\/\/jeanrecubrimientos.com\/wp-content\/uploads\/2024\/03\/niquel-1024x413.jpg\" class=\"attachment-large size-large wp-image-869\" alt=\"\" srcset=\"https:\/\/jeanrecubrimientos.com\/wp-content\/uploads\/2024\/03\/niquel-1024x413.jpg 1024w, https:\/\/jeanrecubrimientos.com\/wp-content\/uploads\/2024\/03\/niquel-300x121.jpg 300w, https:\/\/jeanrecubrimientos.com\/wp-content\/uploads\/2024\/03\/niquel-768x310.jpg 768w, https:\/\/jeanrecubrimientos.com\/wp-content\/uploads\/2024\/03\/niquel.jpg 1256w\" sizes=\"(max-width: 800px) 100vw, 800px\" \/>\t\t\t\t\t\t\t\t\t\t\t\t\t<\/div>\n\t\t\t\t<\/div>\n\t\t\t\t<div class=\"elementor-element elementor-element-8339e48 elementor-widget elementor-widget-button\" data-id=\"8339e48\" data-element_type=\"widget\" data-widget_type=\"button.default\">\n\t\t\t\t<div class=\"elementor-widget-container\">\n\t\t\t\t\t<div class=\"elementor-button-wrapper\">\n\t\t\t<a class=\"elementor-button elementor-button-link elementor-size-xl\" href=\"https:\/\/jeanrecubrimientos.com\/fr\/revetements\/zinc-nickel-revetements\/\">\n\t\t\t\t\t\t<span class=\"elementor-button-content-wrapper\">\n\t\t\t\t\t\t\t\t\t<span class=\"elementor-button-text\">En savoir plus sur les rev\u00eatements en zinc-nickel<\/span>\n\t\t\t\t\t<\/span>\n\t\t\t\t\t<\/a>\n\t\t<\/div>\n\t\t\t\t<\/div>\n\t\t\t\t<\/div>\n\t\t\t\t<\/div>\n\t\t\t\t\t<\/div>\n\t\t\t\t<\/div>\n\t\t\t\t<\/div>\n\t\t","protected":false},"excerpt":{"rendered":"<p>Rev\u00eatements Nous offrons les services de rev\u00eatement les plus avanc\u00e9s Rev\u00eatements ZINC LAMELLAIRE En savoir plus sur les rev\u00eatements en zinc-lamellaire Rev\u00eatements ZINC NICKEL En savoir plus sur les rev\u00eatements en zinc-nickel<\/p>\n","protected":false},"author":1,"featured_media":0,"parent":0,"menu_order":0,"comment_status":"closed","ping_status":"closed","template":"elementor_header_footer","meta":{"footnotes":""},"class_list":["post-1315","page","type-page","status-publish","hentry"],"_links":{"self":[{"href":"https:\/\/jeanrecubrimientos.com\/fr\/wp-json\/wp\/v2\/pages\/1315"}],"collection":[{"href":"https:\/\/jeanrecubrimientos.com\/fr\/wp-json\/wp\/v2\/pages"}],"about":[{"href":"https:\/\/jeanrecubrimientos.com\/fr\/wp-json\/wp\/v2\/types\/page"}],"author":[{"embeddable":true,"href":"https:\/\/jeanrecubrimientos.com\/fr\/wp-json\/wp\/v2\/users\/1"}],"replies":[{"embeddable":true,"href":"https:\/\/jeanrecubrimientos.com\/fr\/wp-json\/wp\/v2\/comments?post=1315"}],"version-history":[{"count":14,"href":"https:\/\/jeanrecubrimientos.com\/fr\/wp-json\/wp\/v2\/pages\/1315\/revisions"}],"predecessor-version":[{"id":1713,"href":"https:\/\/jeanrecubrimientos.com\/fr\/wp-json\/wp\/v2\/pages\/1315\/revisions\/1713"}],"wp:attachment":[{"href":"https:\/\/jeanrecubrimientos.com\/fr\/wp-json\/wp\/v2\/media?parent=1315"}],"curies":[{"name":"wp","href":"https:\/\/api.w.org\/{rel}","templated":true}]}}