{"id":1341,"date":"2024-03-08T16:33:50","date_gmt":"2024-03-08T15:33:50","guid":{"rendered":"https:\/\/jeanrecubrimientos.com\/?page_id=1341"},"modified":"2025-05-05T09:29:43","modified_gmt":"2025-05-05T07:29:43","slug":"politique-de-confidentialite","status":"publish","type":"page","link":"https:\/\/jeanrecubrimientos.com\/fr\/politique-de-confidentialite\/","title":{"rendered":"Politique de confidentialit\u00e9"},"content":{"rendered":"\t\t<div data-elementor-type=\"wp-page\" data-elementor-id=\"1341\" class=\"elementor elementor-1341 elementor-3\" data-elementor-post-type=\"page\">\n\t\t\t\t<div class=\"elementor-element elementor-element-3a90a567 e-flex e-con-boxed e-con e-parent\" data-id=\"3a90a567\" data-element_type=\"container\">\n\t\t\t\t\t<div class=\"e-con-inner\">\n\t\t\t\t<div class=\"elementor-element elementor-element-92066e4 elementor-widget elementor-widget-heading\" data-id=\"92066e4\" data-element_type=\"widget\" data-widget_type=\"heading.default\">\n\t\t\t\t<div class=\"elementor-widget-container\">\n\t\t\t<h2 class=\"elementor-heading-title elementor-size-default\">Politiques de confidentialit\u00e9<\/h2>\t\t<\/div>\n\t\t\t\t<\/div>\n\t\t\t\t<div class=\"elementor-element elementor-element-48801533 elementor-widget elementor-widget-text-editor\" data-id=\"48801533\" data-element_type=\"widget\" data-widget_type=\"text-editor.default\">\n\t\t\t\t<div class=\"elementor-widget-container\">\n\t\t\t\t\t\t\t<h4><strong>PROTECTION DES DONN\u00c9ES \u00c0 CARACT\u00c8RE PERSONNEL<\/strong><\/h4>\n<p>En vertu de la r\u00e8glementation sur la protection des donn\u00e9es \u00e0 caract\u00e8re personnel, par la pr\u00e9sente vous autorisez \u00e0 ce que les donn\u00e9es \u00e0 caract\u00e8re personnel facilit\u00e9es soient trait\u00e9es sous la responsabilit\u00e9 de :<\/p>\n<p>JEAN Y CHAUMONT BERGARA S.L.Inscrite au registre du commerce de Gipuzkoa (Espagne) au tome 2041, Folio 1<br \/>Barrio San Juan 49, Pol. Ind. Aribar, 20570 Bergara (Gipuzkoa)<br \/>Tel\u00e9phone (+34) <a href=\"http:\/\/943%20769%20737\">943 769 737<\/a>  <strong><br \/><\/strong><a href=\"mailto:info@jeanrecubrimientos.com\">info@jeanrecubrimientos.com<\/a><\/p>\n<p>Nous traitons :<\/p>\n<ul>\n<li><strong>Formulaire de contact :<\/strong> Vos donn\u00e9es sont trait\u00e9es afin de g\u00e9rer votre demande et de pouvoir y r\u00e9pondre, la fourniture de ce service \u00e9tant la raison qui nous l\u00e9gitime \u00e0 traiter vos donn\u00e9es. Ces donn\u00e9es sont conserv\u00e9es jusqu&rsquo;\u00e0 ce que la demande soit r\u00e9solue et ne sont pas transmises \u00e0 des tiers. <\/li>\n<li><strong>Si ces donn\u00e9es sont facilit\u00e9es par le formulaire d&rsquo;inscription \u00e0 la <em>newsletter<\/em><\/strong>, elles sont trait\u00e9es sous la responsabilit\u00e9 de cette entit\u00e9 afin d&rsquo;envoyer des communications commerciales, la base l\u00e9gitimant le<br \/>traitement \u00e9tant votre propre consentement. Ces donn\u00e9es sont ou ne sont pas communiqu\u00e9es \u00e0 des tiers et sont conserv\u00e9es jusqu&rsquo;\u00e0 ce que vous r\u00e9voquiez votre consentement en demandant votre d\u00e9sinscription. <\/li>\n<li><strong>Si elles sont trait\u00e9es sur nos r\u00e9seaux sociaux, <\/strong>conform\u00e9ment \u00e0 ce qui pr\u00e9c\u00e8de, elles le sont dans le but de g\u00e9rer les informations et les donn\u00e9es obtenues par l&rsquo;interaction des utilisateurs des r\u00e9seaux sociaux<br \/>avec ces profils\/site. Ces donn\u00e9es sont trait\u00e9es conform\u00e9ment \u00e0 l&rsquo;int\u00e9r\u00eat l\u00e9gitime de cette entreprise et conserv\u00e9es aussi longtemps que l&rsquo;int\u00e9r\u00eat l\u00e9gitime qui a permis leur traitement est maintenu. <\/li>\n<li><strong>Si elles sont collect\u00e9es par le biais de cookies analytiques<\/strong> que vous avez pr\u00e9alablement accept\u00e9s en acc\u00e9dant \u00e0 notre site, elles sont utilis\u00e9es aux fins d&rsquo;analyse sp\u00e9cifi\u00e9es dans la politique du site en mati\u00e8re<br \/>de cookies. Vos donn\u00e9es font l&rsquo;objet d&rsquo;un transfert international vers les \u00c9tats-Unis et sont conserv\u00e9es aussi longtemps que n\u00e9cessaire pour atteindre la finalit\u00e9. <\/li>\n<\/ul>\n<p>Dans tous les cas, vous pouvez indiquer la r\u00e9vocation du consentement donn\u00e9, s&rsquo;il s&rsquo;agissait de la base qui l\u00e9gitimait le traitement, ou exercer les droits pr\u00e9vus :<\/p>\n<ul>\n<li><strong>Acc\u00e8s<\/strong> : l&rsquo;int\u00e9ress\u00e9 a le droit de savoir si le responsable du traitement traite ses donn\u00e9es \u00e0 caract\u00e8re personnel et, le cas \u00e9ch\u00e9ant, a le droit d&rsquo;acc\u00e9der \u00e0 ces donn\u00e9es et d&rsquo;obtenir des informations sur le traitement effectu\u00e9.<\/li>\n<li><strong>Rectification<\/strong> : Ce droit est li\u00e9 \u00e0 l&rsquo;inexactitude ou au caract\u00e8re incomplet des donn\u00e9es. L&rsquo;int\u00e9ress\u00e9 a le droit de rectifier les donn\u00e9es \u00e0 caract\u00e8re personnel inexactes et de compl\u00e9ter les donn\u00e9es \u00e0 caract\u00e8re personnel<br \/>incompl\u00e8tes. <\/li>\n<li><strong>Suppression<\/strong> : l&rsquo;int\u00e9ress\u00e9 a le droit d&rsquo;obtenir l&rsquo;effacement de ses donn\u00e9es \u00e0 caract\u00e8re personnel (\u00ab droit \u00e0 l&rsquo;oubli \u00bb) lorsque celles-ci ne sont plus n\u00e9cessaires aux fins pour lesquelles elles ont \u00e9t\u00e9 collect\u00e9es,<br \/>lorsque le consentement sur lequel le traitement \u00e9tait fond\u00e9 est r\u00e9voqu\u00e9, lorsque l&rsquo;int\u00e9ress\u00e9 s&rsquo;oppose au traitement, lorsque les donn\u00e9es ont \u00e9t\u00e9 trait\u00e9es ill\u00e9galement, lorsque les donn\u00e9es doivent \u00eatre effac\u00e9es pour<br \/>respecter une obligation l\u00e9gale ou lorsqu&rsquo;elles ont \u00e9t\u00e9 obtenues dans le cadre de la fourniture de services de la soci\u00e9t\u00e9 de l&rsquo;information \u00e0 des mineurs.<\/li>\n<li><strong>Limitation du traitement<\/strong> : Il s&rsquo;agit d&rsquo;un droit de la personne concern\u00e9e de marquer ses donn\u00e9es personnelles stock\u00e9es afin de limiter leur traitement \u00e0 l&rsquo;avenir. La limitation du traitement signifie que, \u00e0 la demande de la personne concern\u00e9e, ses donn\u00e9es personnelles ne sont plus trait\u00e9es. <\/li>\n<li><strong>Opposition<\/strong> : L&rsquo;int\u00e9ress\u00e9 a le droit de s&rsquo;opposer au traitement de ses donn\u00e9es lorsque celui-ci est fond\u00e9 sur certains motifs sp\u00e9cifiques et qu&rsquo;une raison relative \u00e0 sa situation personnelle est invoqu\u00e9e.<\/li>\n<li><strong>Portabilit\u00e9 des donn\u00e9es<\/strong> : L&rsquo;int\u00e9ress\u00e9 a le droit de recevoir les donn\u00e9es \u00e0 caract\u00e8re personnel qu&rsquo;il a fournies \u00e0 un responsable du traitement dans un format structur\u00e9, \u00e0 usage commun et \u00e0 lecture m\u00e9canique, s&rsquo;il<br \/>est bas\u00e9 sur le consentement ou sur un contrat ou si le traitement est effectu\u00e9 par des moyens automatis\u00e9s.<\/li>\n<li><strong>N&rsquo;\u00e9tant pas objet de d\u00e9cisions individuelles automatis\u00e9es<\/strong> : l&rsquo;int\u00e9ress\u00e9 a le droit de ne pas faire l&rsquo;objet d&rsquo;une d\u00e9cision fond\u00e9e exclusivement sur un traitement automatis\u00e9 de ses donn\u00e9es, y compris le profilage qui produit des effets juridiques \u00e0 son \u00e9gard ou qui lui porte pr\u00e9judice.<\/li>\n<\/ul>\n<p>Ces demandes doivent \u00eatre adress\u00e9es \u00e0 l&rsquo;adresse suivante : Barrio San Juan 49 &#8211;<br \/>Pol. Ind. Aribar &#8211; 20570 Bergara (Gipuzkoa) &#8211; Espa\u00f1a, ou \u00e0 l&rsquo;adresse<br \/>\u00e9lectronique suivante : <a href=\"mailto:info@jeanrecubrimientos.com\">info@jeanrecubrimientos.com<\/a>  <\/p>\n<p>Si vous le consid\u00e9rez, il est \u00e9galement possible de pr\u00e9senter une r\u00e9clamation<br \/>aupr\u00e8s de l&rsquo;Agence espagnole de protection des donn\u00e9es(<a href=\"http:\/\/www.aepd.es\">www.aepd.es<\/a>).<\/p>\n<\/p>\n<h4><strong>FORMULAIRE DE CONTACT<\/strong><\/h4>\n<p align=\"justify\">\n<p align=\"justify\">Conform\u00e9ment au R\u00e8glement G\u00e9n\u00e9ral sur la Protection des Donn\u00e9es (RGPD) et \u00e0 la Loi organique 3\/2018 du 5 d\u00e9cembre relative \u00e0 la protection des donn\u00e9es personnelles et \u00e0 la garantie des droits num\u00e9riques, nous vous informons des \u00e9l\u00e9ments suivants concernant le traitement de vos donn\u00e9es personnelles :<\/p>\n<p align=\"justify\"><b>Responsable du traitement<\/b> : JEAN Y CHAUMONT BERGARA S.L., avec le num\u00e9ro d&rsquo;identification fiscale B20816369 et si\u00e8ge social situ\u00e9 \u00e0 Barrio San Juan 49, Pol\u00edgono Industrial Aribar, 20570 Bergara (Gipuzkoa), Espagne.  <\/p>\n<p align=\"justify\"><b>Donn\u00e9es personnelles <\/b>: donn\u00e9es d\u2019identification (nom, t\u00e9l\u00e9phone et adresse e-mail).<\/p>\n<p align=\"justify\"><b>Finalit\u00e9<\/b> : g\u00e9rer et r\u00e9pondre \u00e0 la demande ou requ\u00eate que vous soumettez via ce formulaire.<\/p>\n<p align=\"justify\"><b>Base l\u00e9gale<\/b> : le fondement juridique du traitement est votre consentement expr\u00e8s (art. 6.1.a) RGPD).<\/p>\n<p align=\"justify\"><b>Destinataires<\/b> : les donn\u00e9es personnelles fournies ne seront pas communiqu\u00e9es \u00e0 des tiers, sauf si cela est n\u00e9cessaire pour se conformer \u00e0 des obligations l\u00e9gales.<\/p>\n<p align=\"justify\"><b>Transfert international de donn\u00e9es <\/b>: aucun transfert international des donn\u00e9es fournies n&rsquo;est pr\u00e9vu.<\/p>\n<p align=\"justify\"><b>Dur\u00e9e de conservation des donn\u00e9es <\/b>: les donn\u00e9es fournies seront conserv\u00e9es jusqu\u2019\u00e0 ce que la finalit\u00e9 ayant motiv\u00e9 leur traitement ait pris fin.<\/p>\n<p align=\"justify\"><b>R\u00e9clamation<\/b> : si vous le jugez n\u00e9cessaire, vous pouvez d\u00e9poser une r\u00e9clamation aupr\u00e8s de l\u2019Agence espagnole de protection des donn\u00e9es (<span style=\"color: #0563c1;\"><u><a href=\"http:\/\/www.aepd.es\/\">www.aepd.es<\/a><\/u><\/span>).<\/p><\/p>\n\t\t\t\t\t\t<\/div>\n\t\t\t\t<\/div>\n\t\t\t\t\t<\/div>\n\t\t\t\t<\/div>\n\t\t\t\t<\/div>\n\t\t","protected":false},"excerpt":{"rendered":"<p>Politiques de confidentialit\u00e9 PROTECTION DES DONN\u00c9ES \u00c0 CARACT\u00c8RE PERSONNEL En vertu de la r\u00e8glementation sur la protection des donn\u00e9es \u00e0 caract\u00e8re personnel, par la pr\u00e9sente vous autorisez \u00e0 ce que les donn\u00e9es \u00e0 caract\u00e8re personnel facilit\u00e9es soient trait\u00e9es sous la responsabilit\u00e9 de : JEAN Y CHAUMONT BERGARA S.L.Inscrite au registre du commerce de Gipuzkoa (Espagne) [&hellip;]<\/p>\n","protected":false},"author":1,"featured_media":0,"parent":0,"menu_order":0,"comment_status":"closed","ping_status":"closed","template":"","meta":{"footnotes":""},"class_list":["post-1341","page","type-page","status-publish","hentry"],"_links":{"self":[{"href":"https:\/\/jeanrecubrimientos.com\/fr\/wp-json\/wp\/v2\/pages\/1341"}],"collection":[{"href":"https:\/\/jeanrecubrimientos.com\/fr\/wp-json\/wp\/v2\/pages"}],"about":[{"href":"https:\/\/jeanrecubrimientos.com\/fr\/wp-json\/wp\/v2\/types\/page"}],"author":[{"embeddable":true,"href":"https:\/\/jeanrecubrimientos.com\/fr\/wp-json\/wp\/v2\/users\/1"}],"replies":[{"embeddable":true,"href":"https:\/\/jeanrecubrimientos.com\/fr\/wp-json\/wp\/v2\/comments?post=1341"}],"version-history":[{"count":27,"href":"https:\/\/jeanrecubrimientos.com\/fr\/wp-json\/wp\/v2\/pages\/1341\/revisions"}],"predecessor-version":[{"id":1775,"href":"https:\/\/jeanrecubrimientos.com\/fr\/wp-json\/wp\/v2\/pages\/1341\/revisions\/1775"}],"wp:attachment":[{"href":"https:\/\/jeanrecubrimientos.com\/fr\/wp-json\/wp\/v2\/media?parent=1341"}],"curies":[{"name":"wp","href":"https:\/\/api.w.org\/{rel}","templated":true}]}}