{"id":1343,"date":"2024-03-08T17:34:48","date_gmt":"2024-03-08T16:34:48","guid":{"rendered":"https:\/\/jeanrecubrimientos.com\/quienes-somos\/"},"modified":"2025-04-29T11:00:48","modified_gmt":"2025-04-29T09:00:48","slug":"qui-nos-sommes","status":"publish","type":"page","link":"https:\/\/jeanrecubrimientos.com\/fr\/qui-nos-sommes\/","title":{"rendered":"Qui nous sommes"},"content":{"rendered":"\t\t<div data-elementor-type=\"wp-page\" data-elementor-id=\"1343\" class=\"elementor elementor-1343 elementor-74\" data-elementor-post-type=\"page\">\n\t\t\t\t<div class=\"elementor-element elementor-element-2f628168 e-flex e-con-boxed e-con e-parent\" data-id=\"2f628168\" data-element_type=\"container\" data-settings=\"{&quot;background_background&quot;:&quot;gradient&quot;}\">\n\t\t\t\t\t<div class=\"e-con-inner\">\n\t\t\t\t<div class=\"elementor-element elementor-element-22d8c0c1 elementor-widget elementor-widget-heading\" data-id=\"22d8c0c1\" data-element_type=\"widget\" data-widget_type=\"heading.default\">\n\t\t\t\t<div class=\"elementor-widget-container\">\n\t\t\t<h1 class=\"elementor-heading-title elementor-size-default\">Qui nous sommes<\/h1>\t\t<\/div>\n\t\t\t\t<\/div>\n\t\t\t\t<div class=\"elementor-element elementor-element-5f3ee5c6 elementor-widget elementor-widget-heading\" data-id=\"5f3ee5c6\" data-element_type=\"widget\" data-widget_type=\"heading.default\">\n\t\t\t\t<div class=\"elementor-widget-container\">\n\t\t\t<h3 class=\"elementor-heading-title elementor-size-default\">Nous apportons engagement, s\u00e9curit\u00e9, capacit\u00e9 productive et rapidit\u00e9<\/h3>\t\t<\/div>\n\t\t\t\t<\/div>\n\t\t\t\t\t<\/div>\n\t\t\t\t<\/div>\n\t\t<div class=\"elementor-element elementor-element-30dcb83d e-flex e-con-boxed e-con e-parent\" data-id=\"30dcb83d\" data-element_type=\"container\" data-settings=\"{&quot;background_background&quot;:&quot;classic&quot;}\">\n\t\t\t\t\t<div class=\"e-con-inner\">\n\t\t<div class=\"elementor-element elementor-element-449eaadf e-con-full e-flex e-con e-child\" data-id=\"449eaadf\" data-element_type=\"container\">\n\t\t\t\t<div class=\"elementor-element elementor-element-67bd4b8d elementor-widget elementor-widget-heading\" data-id=\"67bd4b8d\" data-element_type=\"widget\" data-widget_type=\"heading.default\">\n\t\t\t\t<div class=\"elementor-widget-container\">\n\t\t\t<h2 class=\"elementor-heading-title elementor-size-default\">\u00c9paisseur minimale,<br>efficacit\u00e9 maximale,<br>des solutions au-del\u00e0<br>de protection<\/h2>\t\t<\/div>\n\t\t\t\t<\/div>\n\t\t\t\t<div class=\"elementor-element elementor-element-0f2775a elementor-widget elementor-widget-image\" data-id=\"0f2775a\" data-element_type=\"widget\" data-widget_type=\"image.default\">\n\t\t\t\t<div class=\"elementor-widget-container\">\n\t\t\t\t\t\t\t\t\t\t\t\t\t<img fetchpriority=\"high\" decoding=\"async\" width=\"785\" height=\"1024\" src=\"https:\/\/jeanrecubrimientos.com\/wp-content\/uploads\/2024\/03\/quienes-somos-vertical-785x1024.jpg\" class=\"attachment-large size-large wp-image-850\" alt=\"\" srcset=\"https:\/\/jeanrecubrimientos.com\/wp-content\/uploads\/2024\/03\/quienes-somos-vertical-785x1024.jpg 785w, https:\/\/jeanrecubrimientos.com\/wp-content\/uploads\/2024\/03\/quienes-somos-vertical-230x300.jpg 230w, https:\/\/jeanrecubrimientos.com\/wp-content\/uploads\/2024\/03\/quienes-somos-vertical-768x1002.jpg 768w, https:\/\/jeanrecubrimientos.com\/wp-content\/uploads\/2024\/03\/quienes-somos-vertical.jpg 1154w\" sizes=\"(max-width: 785px) 100vw, 785px\" \/>\t\t\t\t\t\t\t\t\t\t\t\t\t<\/div>\n\t\t\t\t<\/div>\n\t\t\t\t<\/div>\n\t\t<div class=\"elementor-element elementor-element-376aa7f8 e-con-full e-flex e-con e-child\" data-id=\"376aa7f8\" data-element_type=\"container\">\n\t\t\t\t<div class=\"elementor-element elementor-element-fa269c6 elementor-widget elementor-widget-heading\" data-id=\"fa269c6\" data-element_type=\"widget\" data-widget_type=\"heading.default\">\n\t\t\t\t<div class=\"elementor-widget-container\">\n\t\t\t<h2 class=\"elementor-heading-title elementor-size-default\">JEAN RECUBRIMIENTOS<\/h2>\t\t<\/div>\n\t\t\t\t<\/div>\n\t\t\t\t<div class=\"elementor-element elementor-element-3d7e6f1 elementor-widget elementor-widget-text-editor\" data-id=\"3d7e6f1\" data-element_type=\"widget\" data-widget_type=\"text-editor.default\">\n\t\t\t\t<div class=\"elementor-widget-container\">\n\t\t\t\t\t\t\t<p>La mission de Jean y Chaumont Bergara S.L. est d&rsquo;apporter la<strong> valeur ajout\u00e9e cl\u00e9 <\/strong>de la r\u00e9sistance \u00e0 la corrosion et de la fonctionnalit\u00e9 du rev\u00eatement aux pi\u00e8ces de nos clients.<\/p>\n<p>en <strong>garantissant la qualit\u00e9 et le respect des exigences<\/strong> sp\u00e9cifi\u00e9es pour chaque r\u00e9f\u00e9rence, gr\u00e2ce aux plans de contr\u00f4le des mati\u00e8res premi\u00e8res, du processus et du produit.<\/p>\n<p>Jean y Chaumont Bergara est une organisation dot\u00e9e d&rsquo;une vaste exp\u00e9rience et d&rsquo;un grand savoir-faire en mati\u00e8re de rev\u00eatements, \u00e0 <strong>l&rsquo;\u00e9coute des clients<\/strong> dans la phase d&rsquo;offre, dans la validation du processus et des premiers \u00e9chantillons, et dans le service offert de la production \u00e0 la r\u00e9ception des commandes. Nous offrons \u00e0 nos clients l&rsquo;ensemble du <strong>support technique<\/strong> dont ils ont besoin tout au long de la dur\u00e9e de vie de leurs projets. <\/p>\n<p><strong>L&rsquo;innovation et l&rsquo;am\u00e9lioration<\/strong> continue sont des activit\u00e9s essentielles de Jean recubrimientos et, en collaboration avec des fournisseurs strat\u00e9giques et des centres technologiques, nous permettent d&rsquo;am\u00e9liorer certains des facteurs cl\u00e9s actuellement demand\u00e9s sur le march\u00e9 :<\/p>\n<ul>\n<li>L&rsquo;augmentation de la <strong><em>durabilit\u00e9<\/em><\/strong> des prestations du rev\u00eatement<\/li>\n<li>L&rsquo;utilisation de rev\u00eatements et de processus <strong><em>durables<\/em><\/strong><\/li>\n<li>La <strong><em>fiabilit\u00e9 et la r\u00e9p\u00e9titivit\u00e9<\/em><\/strong> de la production<\/li>\n<\/ul>\n\t\t\t\t\t\t<\/div>\n\t\t\t\t<\/div>\n\t\t\t\t<div class=\"elementor-element elementor-element-2e25e7a elementor-widget elementor-widget-video\" data-id=\"2e25e7a\" data-element_type=\"widget\" data-settings=\"{&quot;video_type&quot;:&quot;hosted&quot;,&quot;controls&quot;:&quot;yes&quot;}\" data-widget_type=\"video.default\">\n\t\t\t\t<div class=\"elementor-widget-container\">\n\t\t\t\t\t<div class=\"e-hosted-video elementor-wrapper elementor-open-inline\">\n\t\t\t\t\t<video class=\"elementor-video\" src=\"https:\/\/jeanrecubrimientos.com\/wp-content\/uploads\/2024\/03\/jean.mp4\" controls=\"\" preload=\"metadata\" controlsList=\"nodownload\" poster=\"https:\/\/jeanrecubrimientos.com\/wp-content\/uploads\/2024\/03\/quienes-somos.png\"><\/video>\n\t\t\t\t<\/div>\n\t\t\t\t<\/div>\n\t\t\t\t<\/div>\n\t\t\t\t<\/div>\n\t\t\t\t\t<\/div>\n\t\t\t\t<\/div>\n\t\t<div class=\"elementor-element elementor-element-766424a e-flex e-con-boxed e-con e-parent\" data-id=\"766424a\" data-element_type=\"container\">\n\t\t\t\t\t<div class=\"e-con-inner\">\n\t\t<div class=\"elementor-element elementor-element-7656cbf e-flex e-con-boxed e-con e-child\" data-id=\"7656cbf\" data-element_type=\"container\">\n\t\t\t\t\t<div class=\"e-con-inner\">\n\t\t\t\t<div class=\"elementor-element elementor-element-682d9d6 elementor-widget elementor-widget-heading\" data-id=\"682d9d6\" data-element_type=\"widget\" data-widget_type=\"heading.default\">\n\t\t\t\t<div class=\"elementor-widget-container\">\n\t\t\t<h2 class=\"elementor-heading-title elementor-size-default\">Secteurs<\/h2>\t\t<\/div>\n\t\t\t\t<\/div>\n\t\t\t\t\t<\/div>\n\t\t\t\t<\/div>\n\t\t<div class=\"elementor-element elementor-element-b2ff128 e-con-full e-flex e-con e-child\" data-id=\"b2ff128\" data-element_type=\"container\">\n\t\t\t\t<div class=\"elementor-element elementor-element-9f3e6ee elementor-widget elementor-widget-image\" data-id=\"9f3e6ee\" data-element_type=\"widget\" data-widget_type=\"image.default\">\n\t\t\t\t<div class=\"elementor-widget-container\">\n\t\t\t\t\t\t\t\t\t\t\t\t\t<img decoding=\"async\" width=\"800\" height=\"527\" src=\"https:\/\/jeanrecubrimientos.com\/wp-content\/uploads\/2024\/03\/Automocion-1024x675.jpg\" class=\"attachment-large size-large wp-image-621\" alt=\"coche el\u00e9ctrico conectado para carga de bater\u00eda\" srcset=\"https:\/\/jeanrecubrimientos.com\/wp-content\/uploads\/2024\/03\/Automocion-1024x675.jpg 1024w, https:\/\/jeanrecubrimientos.com\/wp-content\/uploads\/2024\/03\/Automocion-300x198.jpg 300w, https:\/\/jeanrecubrimientos.com\/wp-content\/uploads\/2024\/03\/Automocion-768x506.jpg 768w, https:\/\/jeanrecubrimientos.com\/wp-content\/uploads\/2024\/03\/Automocion-1536x1012.jpg 1536w, https:\/\/jeanrecubrimientos.com\/wp-content\/uploads\/2024\/03\/Automocion-2048x1350.jpg 2048w\" sizes=\"(max-width: 800px) 100vw, 800px\" \/>\t\t\t\t\t\t\t\t\t\t\t\t\t<\/div>\n\t\t\t\t<\/div>\n\t\t\t\t<div class=\"elementor-element elementor-element-9bb6e46 elementor-widget elementor-widget-heading\" data-id=\"9bb6e46\" data-element_type=\"widget\" data-widget_type=\"heading.default\">\n\t\t\t\t<div class=\"elementor-widget-container\">\n\t\t\t<h3 class=\"elementor-heading-title elementor-size-default\">Automobile<\/h3>\t\t<\/div>\n\t\t\t\t<\/div>\n\t\t\t\t<div class=\"elementor-element elementor-element-374f0e4 elementor-widget elementor-widget-text-editor\" data-id=\"374f0e4\" data-element_type=\"widget\" data-widget_type=\"text-editor.default\">\n\t\t\t\t<div class=\"elementor-widget-container\">\n\t\t\t\t\t\t\t<p>Nos rev\u00eatements r\u00e9pondent \u00e0 ce secteur en apportant la garantie anticorrosion \u00e0 des \u00e9l\u00e9ments de fixation et des composants.<\/p>\n\t\t\t\t\t\t<\/div>\n\t\t\t\t<\/div>\n\t\t\t\t<\/div>\n\t\t<div class=\"elementor-element elementor-element-26574fc e-con-full e-flex e-con e-child\" data-id=\"26574fc\" data-element_type=\"container\">\n\t\t\t\t<div class=\"elementor-element elementor-element-148b440 elementor-widget elementor-widget-image\" data-id=\"148b440\" data-element_type=\"widget\" data-widget_type=\"image.default\">\n\t\t\t\t<div class=\"elementor-widget-container\">\n\t\t\t\t\t\t\t\t\t\t\t\t\t<img decoding=\"async\" width=\"800\" height=\"534\" src=\"https:\/\/jeanrecubrimientos.com\/wp-content\/uploads\/2024\/03\/Truck-1024x684.jpg\" class=\"attachment-large size-large wp-image-623\" alt=\"Trailer en carretera\" srcset=\"https:\/\/jeanrecubrimientos.com\/wp-content\/uploads\/2024\/03\/Truck-1024x684.jpg 1024w, https:\/\/jeanrecubrimientos.com\/wp-content\/uploads\/2024\/03\/Truck-300x200.jpg 300w, https:\/\/jeanrecubrimientos.com\/wp-content\/uploads\/2024\/03\/Truck-768x513.jpg 768w, https:\/\/jeanrecubrimientos.com\/wp-content\/uploads\/2024\/03\/Truck-1536x1026.jpg 1536w, https:\/\/jeanrecubrimientos.com\/wp-content\/uploads\/2024\/03\/Truck-2048x1367.jpg 2048w\" sizes=\"(max-width: 800px) 100vw, 800px\" \/>\t\t\t\t\t\t\t\t\t\t\t\t\t<\/div>\n\t\t\t\t<\/div>\n\t\t\t\t<div class=\"elementor-element elementor-element-5bccd6d elementor-widget elementor-widget-heading\" data-id=\"5bccd6d\" data-element_type=\"widget\" data-widget_type=\"heading.default\">\n\t\t\t\t<div class=\"elementor-widget-container\">\n\t\t\t<h3 class=\"elementor-heading-title elementor-size-default\">Truck<\/h3>\t\t<\/div>\n\t\t\t\t<\/div>\n\t\t\t\t<div class=\"elementor-element elementor-element-c90e9d0 elementor-widget elementor-widget-text-editor\" data-id=\"c90e9d0\" data-element_type=\"widget\" data-widget_type=\"text-editor.default\">\n\t\t\t\t<div class=\"elementor-widget-container\">\n\t\t\t\t\t\t\t<p>L&rsquo;utilisation intensive \u00e0 laquelle ce secteur est soumis exige des rev\u00eatements de surface \u00e0 fortes exigences et performances.<\/p>\n\t\t\t\t\t\t<\/div>\n\t\t\t\t<\/div>\n\t\t\t\t<\/div>\n\t\t<div class=\"elementor-element elementor-element-6b0d053 e-con-full e-flex e-con e-child\" data-id=\"6b0d053\" data-element_type=\"container\">\n\t\t\t\t<div class=\"elementor-element elementor-element-3eac432 elementor-widget elementor-widget-image\" data-id=\"3eac432\" data-element_type=\"widget\" data-widget_type=\"image.default\">\n\t\t\t\t<div class=\"elementor-widget-container\">\n\t\t\t\t\t\t\t\t\t\t\t\t\t<img loading=\"lazy\" decoding=\"async\" width=\"800\" height=\"534\" src=\"https:\/\/jeanrecubrimientos.com\/wp-content\/uploads\/2024\/03\/Eolico-1-1024x684.jpg\" class=\"attachment-large size-large wp-image-668\" alt=\"Planta e\u00f3lica de molinos de viento en el mar\" srcset=\"https:\/\/jeanrecubrimientos.com\/wp-content\/uploads\/2024\/03\/Eolico-1-1024x684.jpg 1024w, https:\/\/jeanrecubrimientos.com\/wp-content\/uploads\/2024\/03\/Eolico-1-300x200.jpg 300w, https:\/\/jeanrecubrimientos.com\/wp-content\/uploads\/2024\/03\/Eolico-1-768x513.jpg 768w, https:\/\/jeanrecubrimientos.com\/wp-content\/uploads\/2024\/03\/Eolico-1-1536x1026.jpg 1536w, https:\/\/jeanrecubrimientos.com\/wp-content\/uploads\/2024\/03\/Eolico-1-2048x1367.jpg 2048w\" sizes=\"(max-width: 800px) 100vw, 800px\" \/>\t\t\t\t\t\t\t\t\t\t\t\t\t<\/div>\n\t\t\t\t<\/div>\n\t\t\t\t<div class=\"elementor-element elementor-element-b5a903c elementor-widget elementor-widget-heading\" data-id=\"b5a903c\" data-element_type=\"widget\" data-widget_type=\"heading.default\">\n\t\t\t\t<div class=\"elementor-widget-container\">\n\t\t\t<h3 class=\"elementor-heading-title elementor-size-default\">\u00c9olien<\/h3>\t\t<\/div>\n\t\t\t\t<\/div>\n\t\t\t\t<div class=\"elementor-element elementor-element-32e9657 elementor-widget elementor-widget-text-editor\" data-id=\"32e9657\" data-element_type=\"widget\" data-widget_type=\"text-editor.default\">\n\t\t\t\t<div class=\"elementor-widget-container\">\n\t\t\t\t\t\t\t<p>En tant qu\u2019experts en rev\u00eatements anticorrosion durables et \u00e0 hautes performances, nous nous concentrons sur la r\u00e9duction des co\u00fbts de maintenance et la durabilit\u00e9 des finitions.<\/p>\n\t\t\t\t\t\t<\/div>\n\t\t\t\t<\/div>\n\t\t\t\t<\/div>\n\t\t<div class=\"elementor-element elementor-element-c16bfcc e-con-full e-flex e-con e-child\" data-id=\"c16bfcc\" data-element_type=\"container\">\n\t\t\t\t<div class=\"elementor-element elementor-element-09a8981 elementor-widget elementor-widget-image\" data-id=\"09a8981\" data-element_type=\"widget\" data-widget_type=\"image.default\">\n\t\t\t\t<div class=\"elementor-widget-container\">\n\t\t\t\t\t\t\t\t\t\t\t\t\t<img loading=\"lazy\" decoding=\"async\" width=\"800\" height=\"534\" src=\"https:\/\/jeanrecubrimientos.com\/wp-content\/uploads\/2024\/03\/solar-1-1024x684.jpg\" class=\"attachment-large size-large wp-image-666\" alt=\"Placas solares\" srcset=\"https:\/\/jeanrecubrimientos.com\/wp-content\/uploads\/2024\/03\/solar-1-1024x684.jpg 1024w, https:\/\/jeanrecubrimientos.com\/wp-content\/uploads\/2024\/03\/solar-1-300x200.jpg 300w, https:\/\/jeanrecubrimientos.com\/wp-content\/uploads\/2024\/03\/solar-1-768x513.jpg 768w, https:\/\/jeanrecubrimientos.com\/wp-content\/uploads\/2024\/03\/solar-1-1536x1026.jpg 1536w, https:\/\/jeanrecubrimientos.com\/wp-content\/uploads\/2024\/03\/solar-1-2048x1367.jpg 2048w\" sizes=\"(max-width: 800px) 100vw, 800px\" \/>\t\t\t\t\t\t\t\t\t\t\t\t\t<\/div>\n\t\t\t\t<\/div>\n\t\t\t\t<div class=\"elementor-element elementor-element-72fd3f7 elementor-widget elementor-widget-heading\" data-id=\"72fd3f7\" data-element_type=\"widget\" data-widget_type=\"heading.default\">\n\t\t\t\t<div class=\"elementor-widget-container\">\n\t\t\t<h3 class=\"elementor-heading-title elementor-size-default\">Solaire<\/h3>\t\t<\/div>\n\t\t\t\t<\/div>\n\t\t\t\t<div class=\"elementor-element elementor-element-27d050b elementor-widget elementor-widget-text-editor\" data-id=\"27d050b\" data-element_type=\"widget\" data-widget_type=\"text-editor.default\">\n\t\t\t\t<div class=\"elementor-widget-container\">\n\t\t\t\t\t\t\t<p>Les rev\u00eatements anticorrosion sont des \u00e9l\u00e9ments essentiels des structures contre les conditions m\u00e9t\u00e9orologiques et les changements climatiques.<\/p>\n\t\t\t\t\t\t<\/div>\n\t\t\t\t<\/div>\n\t\t\t\t<\/div>\n\t\t<div class=\"elementor-element elementor-element-e9d9ff0 e-con-full e-flex e-con e-child\" data-id=\"e9d9ff0\" data-element_type=\"container\">\n\t\t\t\t<div class=\"elementor-element elementor-element-751898b elementor-widget elementor-widget-image\" data-id=\"751898b\" data-element_type=\"widget\" data-widget_type=\"image.default\">\n\t\t\t\t<div class=\"elementor-widget-container\">\n\t\t\t\t\t\t\t\t\t\t\t\t\t<img loading=\"lazy\" decoding=\"async\" width=\"800\" height=\"534\" src=\"https:\/\/jeanrecubrimientos.com\/wp-content\/uploads\/2024\/03\/ferrocarril-1-1024x684.jpg\" class=\"attachment-large size-large wp-image-667\" alt=\"Tren de alta velocidad\" srcset=\"https:\/\/jeanrecubrimientos.com\/wp-content\/uploads\/2024\/03\/ferrocarril-1-1024x684.jpg 1024w, https:\/\/jeanrecubrimientos.com\/wp-content\/uploads\/2024\/03\/ferrocarril-1-300x200.jpg 300w, https:\/\/jeanrecubrimientos.com\/wp-content\/uploads\/2024\/03\/ferrocarril-1-768x513.jpg 768w, https:\/\/jeanrecubrimientos.com\/wp-content\/uploads\/2024\/03\/ferrocarril-1-1536x1026.jpg 1536w, https:\/\/jeanrecubrimientos.com\/wp-content\/uploads\/2024\/03\/ferrocarril-1-2048x1367.jpg 2048w\" sizes=\"(max-width: 800px) 100vw, 800px\" \/>\t\t\t\t\t\t\t\t\t\t\t\t\t<\/div>\n\t\t\t\t<\/div>\n\t\t\t\t<div class=\"elementor-element elementor-element-fac12ac elementor-widget elementor-widget-heading\" data-id=\"fac12ac\" data-element_type=\"widget\" data-widget_type=\"heading.default\">\n\t\t\t\t<div class=\"elementor-widget-container\">\n\t\t\t<h3 class=\"elementor-heading-title elementor-size-default\">Ferroviaire<\/h3>\t\t<\/div>\n\t\t\t\t<\/div>\n\t\t\t\t<div class=\"elementor-element elementor-element-a261a65 elementor-widget elementor-widget-text-editor\" data-id=\"a261a65\" data-element_type=\"widget\" data-widget_type=\"text-editor.default\">\n\t\t\t\t<div class=\"elementor-widget-container\">\n\t\t\t\t\t\t\t<p>Ce secteur est caract\u00e9ris\u00e9 par des conditions particuli\u00e8rement agressives. Les intemp\u00e9ries, la pollution et les impacts ne sont que quelques-unes des conditions auxquelles nos rev\u00eatements sont confront\u00e9s. <\/p>\n\t\t\t\t\t\t<\/div>\n\t\t\t\t<\/div>\n\t\t\t\t<\/div>\n\t\t<div class=\"elementor-element elementor-element-7f42283 e-con-full e-flex e-con e-child\" data-id=\"7f42283\" data-element_type=\"container\">\n\t\t\t\t<div class=\"elementor-element elementor-element-9b79264 elementor-widget elementor-widget-image\" data-id=\"9b79264\" data-element_type=\"widget\" data-widget_type=\"image.default\">\n\t\t\t\t<div class=\"elementor-widget-container\">\n\t\t\t\t\t\t\t\t\t\t\t\t\t<img loading=\"lazy\" decoding=\"async\" width=\"800\" height=\"534\" src=\"https:\/\/jeanrecubrimientos.com\/wp-content\/uploads\/2024\/03\/Construccion-1-1024x684.jpg\" class=\"attachment-large size-large wp-image-664\" alt=\"Edificios con reflejo de \u00e1rboles en los cristales\" srcset=\"https:\/\/jeanrecubrimientos.com\/wp-content\/uploads\/2024\/03\/Construccion-1-1024x684.jpg 1024w, https:\/\/jeanrecubrimientos.com\/wp-content\/uploads\/2024\/03\/Construccion-1-300x200.jpg 300w, https:\/\/jeanrecubrimientos.com\/wp-content\/uploads\/2024\/03\/Construccion-1-768x513.jpg 768w, https:\/\/jeanrecubrimientos.com\/wp-content\/uploads\/2024\/03\/Construccion-1-1536x1026.jpg 1536w, https:\/\/jeanrecubrimientos.com\/wp-content\/uploads\/2024\/03\/Construccion-1-2048x1367.jpg 2048w\" sizes=\"(max-width: 800px) 100vw, 800px\" \/>\t\t\t\t\t\t\t\t\t\t\t\t\t<\/div>\n\t\t\t\t<\/div>\n\t\t\t\t<div class=\"elementor-element elementor-element-da79e47 elementor-widget elementor-widget-heading\" data-id=\"da79e47\" data-element_type=\"widget\" data-widget_type=\"heading.default\">\n\t\t\t\t<div class=\"elementor-widget-container\">\n\t\t\t<h3 class=\"elementor-heading-title elementor-size-default\">Construction<\/h3>\t\t<\/div>\n\t\t\t\t<\/div>\n\t\t\t\t<div class=\"elementor-element elementor-element-6074484 elementor-widget elementor-widget-text-editor\" data-id=\"6074484\" data-element_type=\"widget\" data-widget_type=\"text-editor.default\">\n\t\t\t\t<div class=\"elementor-widget-container\">\n\t\t\t\t\t\t\t<p>Le climat et la variabilit\u00e9 des conditions atmosph\u00e9riques dans les diff\u00e9rentes r\u00e9gions requi\u00e8rent des rev\u00eatements d&rsquo;une garantie anticorrosion incontestable et avec des assemblages parfaitement ajust\u00e9s.<\/p>\n\t\t\t\t\t\t<\/div>\n\t\t\t\t<\/div>\n\t\t\t\t<\/div>\n\t\t\t\t\t<\/div>\n\t\t\t\t<\/div>\n\t\t<div class=\"elementor-element elementor-element-b565558 e-flex e-con-boxed e-con e-parent\" data-id=\"b565558\" data-element_type=\"container\">\n\t\t\t\t\t<div class=\"e-con-inner\">\n\t\t\t\t<div class=\"elementor-element elementor-element-36ee953e elementor-widget elementor-widget-heading\" data-id=\"36ee953e\" data-element_type=\"widget\" data-widget_type=\"heading.default\">\n\t\t\t\t<div class=\"elementor-widget-container\">\n\t\t\t<h3 class=\"elementor-heading-title elementor-size-default\">Clients niveau 1 et niveau 2,<\/h3>\t\t<\/div>\n\t\t\t\t<\/div>\n\t\t\t\t<div class=\"elementor-element elementor-element-361cd9b5 elementor-widget elementor-widget-heading\" data-id=\"361cd9b5\" data-element_type=\"widget\" data-settings=\"{&quot;motion_fx_motion_fx_scrolling&quot;:&quot;yes&quot;,&quot;motion_fx_translateY_effect&quot;:&quot;yes&quot;,&quot;motion_fx_translateY_speed&quot;:{&quot;unit&quot;:&quot;px&quot;,&quot;size&quot;:&quot;0.5&quot;,&quot;sizes&quot;:[]},&quot;motion_fx_translateY_affectedRange&quot;:{&quot;unit&quot;:&quot;%&quot;,&quot;size&quot;:&quot;&quot;,&quot;sizes&quot;:{&quot;start&quot;:&quot;0&quot;,&quot;end&quot;:&quot;50&quot;}},&quot;motion_fx_opacity_effect&quot;:&quot;yes&quot;,&quot;motion_fx_opacity_range&quot;:{&quot;unit&quot;:&quot;%&quot;,&quot;size&quot;:&quot;&quot;,&quot;sizes&quot;:{&quot;start&quot;:&quot;0&quot;,&quot;end&quot;:&quot;50&quot;}},&quot;motion_fx_opacity_direction&quot;:&quot;out-in&quot;,&quot;motion_fx_opacity_level&quot;:{&quot;unit&quot;:&quot;px&quot;,&quot;size&quot;:10,&quot;sizes&quot;:[]},&quot;motion_fx_devices&quot;:[&quot;desktop&quot;,&quot;tablet&quot;,&quot;mobile&quot;]}\" data-widget_type=\"heading.default\">\n\t\t\t\t<div class=\"elementor-widget-container\">\n\t\t\t<h2 class=\"elementor-heading-title elementor-size-default\">fournisseurs OEM<\/h2>\t\t<\/div>\n\t\t\t\t<\/div>\n\t\t\t\t<div class=\"elementor-element elementor-element-5eab1eea elementor-widget elementor-widget-text-editor\" data-id=\"5eab1eea\" data-element_type=\"widget\" data-widget_type=\"text-editor.default\">\n\t\t\t\t<div class=\"elementor-widget-container\">\n\t\t\t\t\t\t\t<p>Notre expertise en mati\u00e8re de rev\u00eatement de pi\u00e8ces nous a permis d&rsquo;\u00e9tablir de solides relations avec des entreprises leaders dans les secteurs, entre autres, de l&rsquo;automobile, du chemin de fer, de l&rsquo;\u00e9nergie \u00e9olienne, en \u00e9troite collaboration avec des clients <strong>niveau 1 et niveau 2, ainsi qu&rsquo;avec des fournisseurs OEM, <\/strong>fournissant des rev\u00eatements qui r\u00e9pondent aux normes industrielles les plus strictes.<\/p>\n<p>Notre engagement en mati\u00e8re de qualit\u00e9 et de fiabilit\u00e9 fait de nous un partenaire de confiance pour des entreprises renomm\u00e9es de l&rsquo;industrie, en soutenant leur cha\u00eene d&rsquo;approvisionnement avec des solutions de rev\u00eatement de pointe.<\/p>\n\t\t\t\t\t\t<\/div>\n\t\t\t\t<\/div>\n\t\t\t\t\t<\/div>\n\t\t\t\t<\/div>\n\t\t\t\t<\/div>\n\t\t","protected":false},"excerpt":{"rendered":"<p>Qui nous sommes Nous apportons engagement, s\u00e9curit\u00e9, capacit\u00e9 productive et rapidit\u00e9 \u00c9paisseur minimale,efficacit\u00e9 maximale,des solutions au-del\u00e0de protection JEAN RECUBRIMIENTOS La mission de Jean y Chaumont Bergara S.L. est d&rsquo;apporter la valeur ajout\u00e9e cl\u00e9 de la r\u00e9sistance \u00e0 la corrosion et de la fonctionnalit\u00e9 du rev\u00eatement aux pi\u00e8ces de nos clients. en garantissant la qualit\u00e9 et [&hellip;]<\/p>\n","protected":false},"author":1,"featured_media":0,"parent":0,"menu_order":0,"comment_status":"closed","ping_status":"closed","template":"elementor_header_footer","meta":{"footnotes":""},"class_list":["post-1343","page","type-page","status-publish","hentry"],"_links":{"self":[{"href":"https:\/\/jeanrecubrimientos.com\/fr\/wp-json\/wp\/v2\/pages\/1343"}],"collection":[{"href":"https:\/\/jeanrecubrimientos.com\/fr\/wp-json\/wp\/v2\/pages"}],"about":[{"href":"https:\/\/jeanrecubrimientos.com\/fr\/wp-json\/wp\/v2\/types\/page"}],"author":[{"embeddable":true,"href":"https:\/\/jeanrecubrimientos.com\/fr\/wp-json\/wp\/v2\/users\/1"}],"replies":[{"embeddable":true,"href":"https:\/\/jeanrecubrimientos.com\/fr\/wp-json\/wp\/v2\/comments?post=1343"}],"version-history":[{"count":7,"href":"https:\/\/jeanrecubrimientos.com\/fr\/wp-json\/wp\/v2\/pages\/1343\/revisions"}],"predecessor-version":[{"id":1705,"href":"https:\/\/jeanrecubrimientos.com\/fr\/wp-json\/wp\/v2\/pages\/1343\/revisions\/1705"}],"wp:attachment":[{"href":"https:\/\/jeanrecubrimientos.com\/fr\/wp-json\/wp\/v2\/media?parent=1343"}],"curies":[{"name":"wp","href":"https:\/\/api.w.org\/{rel}","templated":true}]}}