{"id":1344,"date":"2024-03-11T14:30:44","date_gmt":"2024-03-11T13:30:44","guid":{"rendered":"https:\/\/jeanrecubrimientos.com\/recubrimientos\/recubrimientos-de-zinc-lamelar\/"},"modified":"2025-04-29T10:52:18","modified_gmt":"2025-04-29T08:52:18","slug":"zinc-lamellaire-revetements","status":"publish","type":"page","link":"https:\/\/jeanrecubrimientos.com\/fr\/revetements\/zinc-lamellaire-revetements\/","title":{"rendered":"Zinc lamellaire rev\u00eatements"},"content":{"rendered":"\t\t<div data-elementor-type=\"wp-page\" data-elementor-id=\"1344\" class=\"elementor elementor-1344 elementor-741\" data-elementor-post-type=\"page\">\n\t\t\t\t<div class=\"elementor-element elementor-element-2f628168 e-flex e-con-boxed e-con e-parent\" data-id=\"2f628168\" data-element_type=\"container\" data-settings=\"{&quot;background_background&quot;:&quot;gradient&quot;}\">\n\t\t\t\t\t<div class=\"e-con-inner\">\n\t\t\t\t<div class=\"elementor-element elementor-element-5f3ee5c6 elementor-widget elementor-widget-heading\" data-id=\"5f3ee5c6\" data-element_type=\"widget\" data-widget_type=\"heading.default\">\n\t\t\t\t<div class=\"elementor-widget-container\">\n\t\t\t<h3 class=\"elementor-heading-title elementor-size-default\">Rev\u00eatements<\/h3>\t\t<\/div>\n\t\t\t\t<\/div>\n\t\t\t\t<div class=\"elementor-element elementor-element-22d8c0c1 elementor-widget elementor-widget-heading\" data-id=\"22d8c0c1\" data-element_type=\"widget\" data-widget_type=\"heading.default\">\n\t\t\t\t<div class=\"elementor-widget-container\">\n\t\t\t<h1 class=\"elementor-heading-title elementor-size-default\">Zinc lamellaire<\/h1>\t\t<\/div>\n\t\t\t\t<\/div>\n\t\t\t\t\t<\/div>\n\t\t\t\t<\/div>\n\t\t<div class=\"elementor-element elementor-element-30dcb83d e-flex e-con-boxed e-con e-parent\" data-id=\"30dcb83d\" data-element_type=\"container\" data-settings=\"{&quot;background_background&quot;:&quot;classic&quot;}\">\n\t\t\t\t\t<div class=\"e-con-inner\">\n\t\t<div class=\"elementor-element elementor-element-449eaadf e-con-full e-flex e-con e-child\" data-id=\"449eaadf\" data-element_type=\"container\">\n\t\t\t\t<div class=\"elementor-element elementor-element-67bd4b8d elementor-widget elementor-widget-heading\" data-id=\"67bd4b8d\" data-element_type=\"widget\" data-widget_type=\"heading.default\">\n\t\t\t\t<div class=\"elementor-widget-container\">\n\t\t\t<h2 class=\"elementor-heading-title elementor-size-default\">Rev\u00eatements anticorrosion de protection cathodique pour des pi\u00e8ces m\u00e9talliques<\/h2>\t\t<\/div>\n\t\t\t\t<\/div>\n\t\t\t\t<div class=\"elementor-element elementor-element-0f2775a elementor-widget elementor-widget-image\" data-id=\"0f2775a\" data-element_type=\"widget\" data-widget_type=\"image.default\">\n\t\t\t\t<div class=\"elementor-widget-container\">\n\t\t\t\t\t\t\t\t\t\t\t\t\t<img fetchpriority=\"high\" decoding=\"async\" width=\"800\" height=\"323\" src=\"https:\/\/jeanrecubrimientos.com\/wp-content\/uploads\/2024\/03\/lamelar-1024x414.jpg\" class=\"attachment-large size-large wp-image-870\" alt=\"\" srcset=\"https:\/\/jeanrecubrimientos.com\/wp-content\/uploads\/2024\/03\/lamelar-1024x414.jpg 1024w, https:\/\/jeanrecubrimientos.com\/wp-content\/uploads\/2024\/03\/lamelar-300x121.jpg 300w, https:\/\/jeanrecubrimientos.com\/wp-content\/uploads\/2024\/03\/lamelar-768x310.jpg 768w, https:\/\/jeanrecubrimientos.com\/wp-content\/uploads\/2024\/03\/lamelar.jpg 1255w\" sizes=\"(max-width: 800px) 100vw, 800px\" \/>\t\t\t\t\t\t\t\t\t\t\t\t\t<\/div>\n\t\t\t\t<\/div>\n\t\t\t\t<\/div>\n\t\t<div class=\"elementor-element elementor-element-376aa7f8 e-con-full e-flex e-con e-child\" data-id=\"376aa7f8\" data-element_type=\"container\">\n\t\t\t\t<div class=\"elementor-element elementor-element-fa269c6 elementor-widget elementor-widget-heading\" data-id=\"fa269c6\" data-element_type=\"widget\" data-widget_type=\"heading.default\">\n\t\t\t\t<div class=\"elementor-widget-container\">\n\t\t\t<h2 class=\"elementor-heading-title elementor-size-default\">ZINC LAMELLAIRE<\/h2>\t\t<\/div>\n\t\t\t\t<\/div>\n\t\t\t\t<div class=\"elementor-element elementor-element-3d7e6f1 elementor-widget elementor-widget-text-editor\" data-id=\"3d7e6f1\" data-element_type=\"widget\" data-widget_type=\"text-editor.default\">\n\t\t\t\t<div class=\"elementor-widget-container\">\n\t\t\t\t\t\t\t<p>Rev\u00eatements anticorrosion de protection cathodique pour des pi\u00e8ces m\u00e9talliques <\/p>\n<ul>\n<li>\n<p><em><strong>Dip spin<\/strong><\/em> (immersion centrifug\u00e9e), processus dynamique<\/p>\n<\/li>\n<li>\n<p><em><strong>Spray sur ch\u00e2ssis<\/strong><\/em>, processus statique<\/p>\n<\/li>\n<\/ul>\n<p>Dimensions et poids (pi\u00e8ce) :<\/p>\n\t\t\t\t\t\t<\/div>\n\t\t\t\t<\/div>\n\t\t\t\t<div class=\"elementor-element elementor-element-0707092 elementor-widget elementor-widget-text-editor\" data-id=\"0707092\" data-element_type=\"widget\" data-widget_type=\"text-editor.default\">\n\t\t\t\t<div class=\"elementor-widget-container\">\n\t\t\t\t\t\t\t<table cellspacing=\"0\" cellpadding=\"10\">\n<tbody>\n<tr>\n<td width=\"347\">\n<h4><strong>Caract\u00e9ristiques<\/strong><\/h4>\n<\/td>\n<td width=\"183\">\n<h4><strong>dip spin (panier)<\/strong><\/h4>\n<\/td>\n<td width=\"182\">\n<h4><strong>cadre<\/strong><\/h4>\n<\/td>\n<\/tr>\n<tr>\n<td width=\"347\">M\u00e9trique x Longueur maximale (mm)<\/td>\n<td width=\"183\">M24x240<\/td>\n<td width=\"182\">M72 (100)x1.200 mm<\/td>\n<\/tr>\n<tr>\n<td width=\"347\">Diam\u00e8tre minimum\/m\u00e9trique (mm)<\/td>\n<td width=\"183\">4<\/td>\n<td width=\"182\">14<\/td>\n<\/tr>\n<tr>\n<td width=\"347\">Poids maximum<\/td>\n<td width=\"183\"> 1 kg.<\/td>\n<td width=\"182\"> Fonction M x L<\/td>\n<\/tr>\n<\/tbody>\n<\/table>\n\t\t\t\t\t\t<\/div>\n\t\t\t\t<\/div>\n\t\t\t\t<div class=\"elementor-element elementor-element-536df56 elementor-widget elementor-widget-text-editor\" data-id=\"536df56\" data-element_type=\"widget\" data-widget_type=\"text-editor.default\">\n\t\t\t\t<div class=\"elementor-widget-container\">\n\t\t\t\t\t\t\t<p>Processus de pr\u00e9paration avant cl\u00e9 :<\/p>\n<ul>\n<li>Lavage<\/li>\n<li>Grenaillage<\/li>\n<\/ul>\t\t\t\t\t\t<\/div>\n\t\t\t\t<\/div>\n\t\t\t\t<\/div>\n\t\t\t\t\t<\/div>\n\t\t\t\t<\/div>\n\t\t<div class=\"elementor-element elementor-element-2bc95fb e-flex e-con-boxed e-con e-parent\" data-id=\"2bc95fb\" data-element_type=\"container\">\n\t\t\t\t\t<div class=\"e-con-inner\">\n\t\t\t\t<div class=\"elementor-element elementor-element-34c1190 elementor-widget elementor-widget-heading\" data-id=\"34c1190\" data-element_type=\"widget\" data-widget_type=\"heading.default\">\n\t\t\t\t<div class=\"elementor-widget-container\">\n\t\t\t<h3 class=\"elementor-heading-title elementor-size-default\">Attestations<\/h3>\t\t<\/div>\n\t\t\t\t<\/div>\n\t\t\t\t<div class=\"elementor-element elementor-element-f8dc0c5 elementor-widget elementor-widget-image-carousel\" data-id=\"f8dc0c5\" data-element_type=\"widget\" data-settings=\"{&quot;slides_to_show&quot;:&quot;4&quot;,&quot;slides_to_scroll&quot;:&quot;1&quot;,&quot;navigation&quot;:&quot;none&quot;,&quot;pause_on_hover&quot;:&quot;no&quot;,&quot;slides_to_show_tablet&quot;:&quot;3&quot;,&quot;slides_to_show_mobile&quot;:&quot;1&quot;,&quot;autoplay&quot;:&quot;yes&quot;,&quot;pause_on_interaction&quot;:&quot;yes&quot;,&quot;autoplay_speed&quot;:5000,&quot;infinite&quot;:&quot;yes&quot;,&quot;speed&quot;:500,&quot;image_spacing_custom&quot;:{&quot;unit&quot;:&quot;px&quot;,&quot;size&quot;:20,&quot;sizes&quot;:[]},&quot;image_spacing_custom_tablet&quot;:{&quot;unit&quot;:&quot;px&quot;,&quot;size&quot;:&quot;&quot;,&quot;sizes&quot;:[]}}\" data-widget_type=\"image-carousel.default\">\n\t\t\t\t<div class=\"elementor-widget-container\">\n\t\t\t\t\t<div class=\"elementor-image-carousel-wrapper swiper\" dir=\"ltr\">\n\t\t\t<div class=\"elementor-image-carousel swiper-wrapper\" aria-live=\"off\">\n\t\t\t\t\t\t\t\t<div class=\"swiper-slide\" role=\"group\" aria-roledescription=\"slide\" aria-label=\"1 of 4\"><figure class=\"swiper-slide-inner\"><img decoding=\"async\" class=\"swiper-slide-image\" src=\"https:\/\/jeanrecubrimientos.com\/wp-content\/uploads\/2024\/03\/Nof-metal.png\" alt=\"\" \/><\/figure><\/div><div class=\"swiper-slide\" role=\"group\" aria-roledescription=\"slide\" aria-label=\"2 of 4\"><figure class=\"swiper-slide-inner\"><img decoding=\"async\" class=\"swiper-slide-image\" src=\"https:\/\/jeanrecubrimientos.com\/wp-content\/uploads\/2024\/03\/Coventya-Logo.png\" alt=\"\" \/><\/figure><\/div><div class=\"swiper-slide\" role=\"group\" aria-roledescription=\"slide\" aria-label=\"3 of 4\"><figure class=\"swiper-slide-inner\"><img decoding=\"async\" class=\"swiper-slide-image\" src=\"https:\/\/jeanrecubrimientos.com\/wp-content\/uploads\/2024\/03\/IATF-750x465-1.png\" alt=\"\" \/><\/figure><\/div><div class=\"swiper-slide\" role=\"group\" aria-roledescription=\"slide\" aria-label=\"4 of 4\"><figure class=\"swiper-slide-inner\"><img decoding=\"async\" class=\"swiper-slide-image\" src=\"https:\/\/jeanrecubrimientos.com\/wp-content\/uploads\/2024\/03\/Nof-metal.png\" alt=\"\" \/><\/figure><\/div>\t\t\t<\/div>\n\t\t\t\t\t\t\t\n\t\t\t\t\t\t\t\t\t<\/div>\n\t\t\t\t<\/div>\n\t\t\t\t<\/div>\n\t\t\t\t\t<\/div>\n\t\t\t\t<\/div>\n\t\t\t\t<\/div>\n\t\t","protected":false},"excerpt":{"rendered":"<p>Rev\u00eatements Zinc lamellaire Rev\u00eatements anticorrosion de protection cathodique pour des pi\u00e8ces m\u00e9talliques ZINC LAMELLAIRE Rev\u00eatements anticorrosion de protection cathodique pour des pi\u00e8ces m\u00e9talliques Dip spin (immersion centrifug\u00e9e), processus dynamique Spray sur ch\u00e2ssis, processus statique Dimensions et poids (pi\u00e8ce) : Caract\u00e9ristiques dip spin (panier) cadre M\u00e9trique x Longueur maximale (mm) M24x240 M72 (100)x1.200 mm Diam\u00e8tre minimum\/m\u00e9trique [&hellip;]<\/p>\n","protected":false},"author":1,"featured_media":0,"parent":1315,"menu_order":0,"comment_status":"closed","ping_status":"closed","template":"elementor_header_footer","meta":{"footnotes":""},"class_list":["post-1344","page","type-page","status-publish","hentry"],"_links":{"self":[{"href":"https:\/\/jeanrecubrimientos.com\/fr\/wp-json\/wp\/v2\/pages\/1344"}],"collection":[{"href":"https:\/\/jeanrecubrimientos.com\/fr\/wp-json\/wp\/v2\/pages"}],"about":[{"href":"https:\/\/jeanrecubrimientos.com\/fr\/wp-json\/wp\/v2\/types\/page"}],"author":[{"embeddable":true,"href":"https:\/\/jeanrecubrimientos.com\/fr\/wp-json\/wp\/v2\/users\/1"}],"replies":[{"embeddable":true,"href":"https:\/\/jeanrecubrimientos.com\/fr\/wp-json\/wp\/v2\/comments?post=1344"}],"version-history":[{"count":11,"href":"https:\/\/jeanrecubrimientos.com\/fr\/wp-json\/wp\/v2\/pages\/1344\/revisions"}],"predecessor-version":[{"id":1696,"href":"https:\/\/jeanrecubrimientos.com\/fr\/wp-json\/wp\/v2\/pages\/1344\/revisions\/1696"}],"up":[{"embeddable":true,"href":"https:\/\/jeanrecubrimientos.com\/fr\/wp-json\/wp\/v2\/pages\/1315"}],"wp:attachment":[{"href":"https:\/\/jeanrecubrimientos.com\/fr\/wp-json\/wp\/v2\/media?parent=1344"}],"curies":[{"name":"wp","href":"https:\/\/api.w.org\/{rel}","templated":true}]}}