{"id":1363,"date":"2024-03-11T14:58:34","date_gmt":"2024-03-11T13:58:34","guid":{"rendered":"https:\/\/jeanrecubrimientos.com\/recubrimientos\/recubrimientos-de-zinc-niquel\/"},"modified":"2025-04-29T10:52:39","modified_gmt":"2025-04-29T08:52:39","slug":"zinc-nickel-revetements","status":"publish","type":"page","link":"https:\/\/jeanrecubrimientos.com\/fr\/revetements\/zinc-nickel-revetements\/","title":{"rendered":"Zinc nickel rev\u00eatements"},"content":{"rendered":"\t\t<div data-elementor-type=\"wp-page\" data-elementor-id=\"1363\" class=\"elementor elementor-1363 elementor-786\" data-elementor-post-type=\"page\">\n\t\t\t\t<div class=\"elementor-element elementor-element-2f628168 e-flex e-con-boxed e-con e-parent\" data-id=\"2f628168\" data-element_type=\"container\" data-settings=\"{&quot;background_background&quot;:&quot;gradient&quot;}\">\n\t\t\t\t\t<div class=\"e-con-inner\">\n\t\t\t\t<div class=\"elementor-element elementor-element-5f3ee5c6 elementor-widget elementor-widget-heading\" data-id=\"5f3ee5c6\" data-element_type=\"widget\" data-widget_type=\"heading.default\">\n\t\t\t\t<div class=\"elementor-widget-container\">\n\t\t\t<h3 class=\"elementor-heading-title elementor-size-default\">Rev\u00eatements<\/h3>\t\t<\/div>\n\t\t\t\t<\/div>\n\t\t\t\t<div class=\"elementor-element elementor-element-22d8c0c1 elementor-widget elementor-widget-heading\" data-id=\"22d8c0c1\" data-element_type=\"widget\" data-widget_type=\"heading.default\">\n\t\t\t\t<div class=\"elementor-widget-container\">\n\t\t\t<h1 class=\"elementor-heading-title elementor-size-default\">Zinc n\u00edckel<\/h1>\t\t<\/div>\n\t\t\t\t<\/div>\n\t\t\t\t\t<\/div>\n\t\t\t\t<\/div>\n\t\t<div class=\"elementor-element elementor-element-30dcb83d e-flex e-con-boxed e-con e-parent\" data-id=\"30dcb83d\" data-element_type=\"container\" data-settings=\"{&quot;background_background&quot;:&quot;classic&quot;}\">\n\t\t\t\t\t<div class=\"e-con-inner\">\n\t\t<div class=\"elementor-element elementor-element-449eaadf e-con-full e-flex e-con e-child\" data-id=\"449eaadf\" data-element_type=\"container\">\n\t\t\t\t<div class=\"elementor-element elementor-element-67bd4b8d elementor-widget elementor-widget-heading\" data-id=\"67bd4b8d\" data-element_type=\"widget\" data-widget_type=\"heading.default\">\n\t\t\t\t<div class=\"elementor-widget-container\">\n\t\t\t<h2 class=\"elementor-heading-title elementor-size-default\">Rev\u00eatements de protection cathodique anticorrosion pour pi\u00e8ces m\u00e9talliques<\/h2>\t\t<\/div>\n\t\t\t\t<\/div>\n\t\t\t\t<div class=\"elementor-element elementor-element-0f2775a elementor-widget elementor-widget-image\" data-id=\"0f2775a\" data-element_type=\"widget\" data-widget_type=\"image.default\">\n\t\t\t\t<div class=\"elementor-widget-container\">\n\t\t\t\t\t\t\t\t\t\t\t\t\t<img fetchpriority=\"high\" decoding=\"async\" width=\"800\" height=\"323\" src=\"https:\/\/jeanrecubrimientos.com\/wp-content\/uploads\/2024\/03\/niquel-1024x413.jpg\" class=\"attachment-large size-large wp-image-869\" alt=\"\" srcset=\"https:\/\/jeanrecubrimientos.com\/wp-content\/uploads\/2024\/03\/niquel-1024x413.jpg 1024w, https:\/\/jeanrecubrimientos.com\/wp-content\/uploads\/2024\/03\/niquel-300x121.jpg 300w, https:\/\/jeanrecubrimientos.com\/wp-content\/uploads\/2024\/03\/niquel-768x310.jpg 768w, https:\/\/jeanrecubrimientos.com\/wp-content\/uploads\/2024\/03\/niquel.jpg 1256w\" sizes=\"(max-width: 800px) 100vw, 800px\" \/>\t\t\t\t\t\t\t\t\t\t\t\t\t<\/div>\n\t\t\t\t<\/div>\n\t\t\t\t<\/div>\n\t\t<div class=\"elementor-element elementor-element-376aa7f8 e-con-full e-flex e-con e-child\" data-id=\"376aa7f8\" data-element_type=\"container\">\n\t\t\t\t<div class=\"elementor-element elementor-element-fa269c6 elementor-widget elementor-widget-heading\" data-id=\"fa269c6\" data-element_type=\"widget\" data-widget_type=\"heading.default\">\n\t\t\t\t<div class=\"elementor-widget-container\">\n\t\t\t<h2 class=\"elementor-heading-title elementor-size-default\">ZINC NICKEL<\/h2>\t\t<\/div>\n\t\t\t\t<\/div>\n\t\t\t\t<div class=\"elementor-element elementor-element-3d7e6f1 elementor-widget elementor-widget-text-editor\" data-id=\"3d7e6f1\" data-element_type=\"widget\" data-widget_type=\"text-editor.default\">\n\t\t\t\t<div class=\"elementor-widget-container\">\n\t\t\t\t\t\t\t<p>Rev\u00eatement par \u00e9lectrod\u00e9position cathodique efficace et polyvalente. L&rsquo;alliage de 12-15\u00a0% de nickel conf\u00e8re \u00e0 la pi\u00e8ce une r\u00e9sistance \u00e0 la corrosion avec une \u00e9paisseur minimale. La conductivit\u00e9 \u00e9lectrique, la facilit\u00e9 de montage, la r\u00e9sistance \u00e0 la corrosion et la r\u00e9sistance \u00e0 la temp\u00e9rature ne sont que quelques-unes de ses caract\u00e9ristiques les plus importantes. Une <i>ligne d&rsquo;application en tambour continu<\/i> est disponible.<\/p>\t\t\t\t\t\t<\/div>\n\t\t\t\t<\/div>\n\t\t\t\t<div class=\"elementor-element elementor-element-0707092 elementor-widget elementor-widget-text-editor\" data-id=\"0707092\" data-element_type=\"widget\" data-widget_type=\"text-editor.default\">\n\t\t\t\t<div class=\"elementor-widget-container\">\n\t\t\t\t\t\t\t<table cellspacing=\"0\" cellpadding=\"10\"><tbody><tr><td width=\"359\"><h4><strong>C<\/strong><span class=\"Y2IQFc\" lang=\"fr\">aract\u00e9ristiques<\/span><\/h4><\/td><td width=\"157\"><h4><strong>Ligne continue<\/strong><\/h4><\/td><\/tr><tr><td width=\"359\"><p>D<span class=\"Y2IQFc\" lang=\"fr\">iam\u00e8tre minimum \u00d8 (mm)<\/span><\/p><\/td><td width=\"157\"><p>4<\/p><\/td><\/tr><tr><td width=\"359\"><p>L<span class=\"Y2IQFc\" lang=\"fr\">ongueur maximale (mm)<\/span><\/p><\/td><td width=\"157\"><p>200<\/p><p>(240)<\/p><\/td><\/tr><tr><td width=\"359\"><p>P<span class=\"Y2IQFc\" lang=\"fr\">oids maximum<\/span><\/p><\/td><td width=\"157\"><p>300 grs.<\/p><\/td><\/tr><\/tbody><\/table><p>\u00a0<\/p>\t\t\t\t\t\t<\/div>\n\t\t\t\t<\/div>\n\t\t\t\t<div class=\"elementor-element elementor-element-536df56 elementor-widget elementor-widget-text-editor\" data-id=\"536df56\" data-element_type=\"widget\" data-widget_type=\"text-editor.default\">\n\t\t\t\t<div class=\"elementor-widget-container\">\n\t\t\t\t\t\t\t<p>Autres processus\u00a0:<\/p><ul><li aria-level=\"1\">D\u00e9shydrog\u00e9nation (int\u00e9gr\u00e9 sur la ligne)<\/li><li aria-level=\"1\">D\u00e9capage, d\u00e9phosphatation<\/li><\/ul>\t\t\t\t\t\t<\/div>\n\t\t\t\t<\/div>\n\t\t\t\t<\/div>\n\t\t\t\t\t<\/div>\n\t\t\t\t<\/div>\n\t\t<div class=\"elementor-element elementor-element-2bc95fb e-flex e-con-boxed e-con e-parent\" data-id=\"2bc95fb\" data-element_type=\"container\">\n\t\t\t\t\t<div class=\"e-con-inner\">\n\t\t\t\t<div class=\"elementor-element elementor-element-34c1190 elementor-widget elementor-widget-heading\" data-id=\"34c1190\" data-element_type=\"widget\" data-widget_type=\"heading.default\">\n\t\t\t\t<div class=\"elementor-widget-container\">\n\t\t\t<h3 class=\"elementor-heading-title elementor-size-default\">Certifications<\/h3>\t\t<\/div>\n\t\t\t\t<\/div>\n\t\t\t\t<div class=\"elementor-element elementor-element-f8dc0c5 elementor-widget elementor-widget-image-carousel\" data-id=\"f8dc0c5\" data-element_type=\"widget\" data-settings=\"{&quot;slides_to_show&quot;:&quot;4&quot;,&quot;slides_to_scroll&quot;:&quot;1&quot;,&quot;navigation&quot;:&quot;none&quot;,&quot;pause_on_hover&quot;:&quot;no&quot;,&quot;slides_to_show_tablet&quot;:&quot;3&quot;,&quot;slides_to_show_mobile&quot;:&quot;1&quot;,&quot;autoplay&quot;:&quot;yes&quot;,&quot;pause_on_interaction&quot;:&quot;yes&quot;,&quot;autoplay_speed&quot;:5000,&quot;infinite&quot;:&quot;yes&quot;,&quot;speed&quot;:500,&quot;image_spacing_custom&quot;:{&quot;unit&quot;:&quot;px&quot;,&quot;size&quot;:20,&quot;sizes&quot;:[]},&quot;image_spacing_custom_tablet&quot;:{&quot;unit&quot;:&quot;px&quot;,&quot;size&quot;:&quot;&quot;,&quot;sizes&quot;:[]}}\" data-widget_type=\"image-carousel.default\">\n\t\t\t\t<div class=\"elementor-widget-container\">\n\t\t\t\t\t<div class=\"elementor-image-carousel-wrapper swiper\" dir=\"ltr\">\n\t\t\t<div class=\"elementor-image-carousel swiper-wrapper\" aria-live=\"off\">\n\t\t\t\t\t\t\t\t<div class=\"swiper-slide\" role=\"group\" aria-roledescription=\"slide\" aria-label=\"1 of 4\"><figure class=\"swiper-slide-inner\"><img decoding=\"async\" class=\"swiper-slide-image\" src=\"https:\/\/jeanrecubrimientos.com\/wp-content\/uploads\/2024\/03\/Atotech.png\" alt=\"\" \/><\/figure><\/div><div class=\"swiper-slide\" role=\"group\" aria-roledescription=\"slide\" aria-label=\"2 of 4\"><figure class=\"swiper-slide-inner\"><img decoding=\"async\" class=\"swiper-slide-image\" src=\"https:\/\/jeanrecubrimientos.com\/wp-content\/uploads\/2024\/03\/Coventya-Logo.png\" alt=\"\" \/><\/figure><\/div><div class=\"swiper-slide\" role=\"group\" aria-roledescription=\"slide\" aria-label=\"3 of 4\"><figure class=\"swiper-slide-inner\"><img decoding=\"async\" class=\"swiper-slide-image\" src=\"https:\/\/jeanrecubrimientos.com\/wp-content\/uploads\/2024\/03\/IATF-750x465-1.png\" alt=\"\" \/><\/figure><\/div><div class=\"swiper-slide\" role=\"group\" aria-roledescription=\"slide\" aria-label=\"4 of 4\"><figure class=\"swiper-slide-inner\"><img decoding=\"async\" class=\"swiper-slide-image\" src=\"https:\/\/jeanrecubrimientos.com\/wp-content\/uploads\/2024\/03\/Nof-metal.png\" alt=\"\" \/><\/figure><\/div>\t\t\t<\/div>\n\t\t\t\t\t\t\t\n\t\t\t\t\t\t\t\t\t<\/div>\n\t\t\t\t<\/div>\n\t\t\t\t<\/div>\n\t\t\t\t\t<\/div>\n\t\t\t\t<\/div>\n\t\t\t\t<\/div>\n\t\t","protected":false},"excerpt":{"rendered":"<p>Rev\u00eatements Zinc n\u00edckel Rev\u00eatements de protection cathodique anticorrosion pour pi\u00e8ces m\u00e9talliques ZINC NICKEL Rev\u00eatement par \u00e9lectrod\u00e9position cathodique efficace et polyvalente. L&rsquo;alliage de 12-15\u00a0% de nickel conf\u00e8re \u00e0 la pi\u00e8ce une r\u00e9sistance \u00e0 la corrosion avec une \u00e9paisseur minimale. La conductivit\u00e9 \u00e9lectrique, la facilit\u00e9 de montage, la r\u00e9sistance \u00e0 la corrosion et la r\u00e9sistance \u00e0 la [&hellip;]<\/p>\n","protected":false},"author":1,"featured_media":0,"parent":1315,"menu_order":0,"comment_status":"closed","ping_status":"closed","template":"elementor_header_footer","meta":{"footnotes":""},"class_list":["post-1363","page","type-page","status-publish","hentry"],"_links":{"self":[{"href":"https:\/\/jeanrecubrimientos.com\/fr\/wp-json\/wp\/v2\/pages\/1363"}],"collection":[{"href":"https:\/\/jeanrecubrimientos.com\/fr\/wp-json\/wp\/v2\/pages"}],"about":[{"href":"https:\/\/jeanrecubrimientos.com\/fr\/wp-json\/wp\/v2\/types\/page"}],"author":[{"embeddable":true,"href":"https:\/\/jeanrecubrimientos.com\/fr\/wp-json\/wp\/v2\/users\/1"}],"replies":[{"embeddable":true,"href":"https:\/\/jeanrecubrimientos.com\/fr\/wp-json\/wp\/v2\/comments?post=1363"}],"version-history":[{"count":23,"href":"https:\/\/jeanrecubrimientos.com\/fr\/wp-json\/wp\/v2\/pages\/1363\/revisions"}],"predecessor-version":[{"id":1693,"href":"https:\/\/jeanrecubrimientos.com\/fr\/wp-json\/wp\/v2\/pages\/1363\/revisions\/1693"}],"up":[{"embeddable":true,"href":"https:\/\/jeanrecubrimientos.com\/fr\/wp-json\/wp\/v2\/pages\/1315"}],"wp:attachment":[{"href":"https:\/\/jeanrecubrimientos.com\/fr\/wp-json\/wp\/v2\/media?parent=1363"}],"curies":[{"name":"wp","href":"https:\/\/api.w.org\/{rel}","templated":true}]}}